{"id":1290,"date":"2025-08-11T11:20:05","date_gmt":"2025-08-11T11:20:05","guid":{"rendered":"https:\/\/lieffcabraser-europe.com\/dr-katharina-kolb\/"},"modified":"2026-04-07T07:59:11","modified_gmt":"2026-04-07T07:59:11","slug":"dr-katharina-kolb","status":"publish","type":"page","link":"https:\/\/lieffcabraser-europe.com\/de\/dr-katharina-kolb\/","title":{"rendered":"Dr. Katharina Kolb"},"content":{"rendered":"<p>[et_pb_section fb_built=&#8220;1&#8243; disabled_on=&#8220;on|off|off&#8220; admin_label=&#8220;section&#8220; _builder_version=&#8220;4.27.4&#8243; background_color=&#8220;#000000&#8243; custom_margin=&#8220;0px|0px|0px|0px|true|true&#8220; custom_padding=&#8220;0px|0px|0px|0px|true|true&#8220; global_colors_info=&#8220;{}&#8220;][et_pb_row _builder_version=&#8220;4.27.4&#8243; _module_preset=&#8220;default&#8220; width=&#8220;100%&#8220; max_width=&#8220;2560px&#8220; custom_margin=&#8220;0px|0px|0px|0px|true|true&#8220; custom_padding=&#8220;0px|0px|0px|0px|true|true&#8220; global_colors_info=&#8220;{}&#8220;][et_pb_column type=&#8220;4_4&#8243; _builder_version=&#8220;4.27.4&#8243; _module_preset=&#8220;default&#8220; global_colors_info=&#8220;{}&#8220;][et_pb_slider show_arrows=&#8220;off&#8220; show_pagination=&#8220;off&#8220; use_bg_overlay=&#8220;off&#8220; use_text_overlay=&#8220;off&#8220; _builder_version=&#8220;4.27.4&#8243; _module_preset=&#8220;default&#8220; background_color=&#8220;#000000&#8243; text_orientation=&#8220;left&#8220; custom_margin=&#8220;0px|0px|0px|0px|false|false&#8220; custom_padding=&#8220;||||false|false&#8220; auto=&#8220;on&#8220; auto_speed=&#8220;4000&#8243; hover_transition_duration=&#8220;250ms&#8220; global_colors_info=&#8220;{}&#8220;][et_pb_slide admin_title=&#8220;Kolb&#8220; _builder_version=&#8220;4.27.4&#8243; _module_preset=&#8220;default&#8220; header_level=&#8220;h1&#8243; header_font=&#8220;Arial||||||||&#8220; header_font_size=&#8220;100px&#8220; background_color=&#8220;#000000&#8243; background_enable_color=&#8220;on&#8220; background_image=&#8220;https:\/\/lieffcabraser-europe.com\/wp-content\/uploads\/2025\/08\/lchb-slider-kolb-hellgrau-2560-1.jpg&#8220; background_enable_image=&#8220;on&#8220; global_colors_info=&#8220;{}&#8220; sticky_transition=&#8220;on&#8220;][\/et_pb_slide][\/et_pb_slider][\/et_pb_column][\/et_pb_row][\/et_pb_section][et_pb_section fb_built=&#8220;1&#8243; disabled_on=&#8220;off|on|on&#8220; admin_label=&#8220;section&#8220; _builder_version=&#8220;4.27.4&#8243; background_color=&#8220;#000000&#8243; custom_margin=&#8220;0px|0px|0px|0px|true|true&#8220; custom_padding=&#8220;0px|0px|0px|0px|true|true&#8220; global_colors_info=&#8220;{}&#8220;][et_pb_row _builder_version=&#8220;4.27.4&#8243; _module_preset=&#8220;default&#8220; width=&#8220;100%&#8220; max_width=&#8220;2560px&#8220; custom_margin=&#8220;0px|0px|0px|0px|true|true&#8220; custom_padding=&#8220;0px|0px|0px|0px|true|true&#8220; global_colors_info=&#8220;{}&#8220;][et_pb_column type=&#8220;4_4&#8243; _builder_version=&#8220;4.27.4&#8243; _module_preset=&#8220;default&#8220; global_colors_info=&#8220;{}&#8220;][et_pb_slider show_arrows=&#8220;off&#8220; show_pagination=&#8220;off&#8220; use_bg_overlay=&#8220;off&#8220; use_text_overlay=&#8220;off&#8220; _builder_version=&#8220;4.27.4&#8243; _module_preset=&#8220;default&#8220; background_color=&#8220;#000000&#8243; background_image=&#8220;https:\/\/lieffcabraser-europe.com\/wp-content\/uploads\/2025\/08\/lchb-slider-career-empowerment-empathy-mobile-1.jpg&#8220; text_orientation=&#8220;left&#8220; min_height=&#8220;1000px&#8220; min_height_tablet=&#8220;1000px&#8220; min_height_phone=&#8220;330px&#8220; min_height_last_edited=&#8220;on|phone&#8220; custom_margin=&#8220;0px|0px|0px|0px|false|false&#8220; custom_padding=&#8220;||||false|false&#8220; auto=&#8220;on&#8220; auto_speed=&#8220;4000&#8243; hover_transition_duration=&#8220;250ms&#8220; global_colors_info=&#8220;{}&#8220;][et_pb_slide admin_title=&#8220;Kolb&#8220; _builder_version=&#8220;4.27.4&#8243; _module_preset=&#8220;default&#8220; header_level=&#8220;h1&#8243; header_font=&#8220;Arial||||||||&#8220; header_font_size=&#8220;100px&#8220; background_color=&#8220;#000000&#8243; background_enable_color=&#8220;on&#8220; background_image=&#8220;https:\/\/lieffcabraser-europe.com\/wp-content\/uploads\/2025\/08\/lchb-slider-kolb-hellgrau-mobile-1.png&#8220; background_enable_image=&#8220;on&#8220; global_colors_info=&#8220;{}&#8220; sticky_transition=&#8220;on&#8220;][\/et_pb_slide][\/et_pb_slider][\/et_pb_column][\/et_pb_row][\/et_pb_section][et_pb_section fb_built=&#8220;1&#8243; _builder_version=&#8220;4.27.4&#8243; _module_preset=&#8220;default&#8220; global_colors_info=&#8220;{}&#8220;][et_pb_row _builder_version=&#8220;4.27.4&#8243; _module_preset=&#8220;default&#8220; width_tablet=&#8220;&#8220; width_phone=&#8220;90%&#8220; width_last_edited=&#8220;on|phone&#8220; global_colors_info=&#8220;{}&#8220;][et_pb_column type=&#8220;4_4&#8243; _builder_version=&#8220;4.27.4&#8243; _module_preset=&#8220;default&#8220; global_colors_info=&#8220;{}&#8220;][et_pb_text _builder_version=&#8220;4.27.4&#8243; _module_preset=&#8220;default&#8220; global_colors_info=&#8220;{}&#8220;]<\/p>\n<h1>Dr. Katharina Kolb<\/h1>\n<p>[\/et_pb_text][et_pb_text _builder_version=&#8220;4.27.4&#8243; _module_preset=&#8220;default&#8220; custom_margin=&#8220;||||false|false&#8220; global_colors_info=&#8220;{}&#8220;]<\/p>\n<p>Managing Partnerin, M\u00fcnchen<br \/><a href=\"mailto:kkolb@lchb.com\">kkolb@lchb.com<\/a><br \/><a href=\"tel:+498925552361\">+49.89.2555.2361<\/a><\/p>\n<div style=\"display: flex;\">\n<p><a href=\"https:\/\/lieffcabraser-europe.com\/wp-content\/uploads\/2025\/08\/lchb-vcard-kolb-1.vcf\"><br \/><img decoding=\"async\" src=\"https:\/\/lieffcabraser-europe.com\/wp-content\/uploads\/2025\/08\/lchb-icon-vcard-green.png\" alt=\"kolb\" width=\"60\" style=\"margin-right: 10px;\"><br \/><\/a><\/p>\n<p><a href=\"https:\/\/www.linkedin.com\/in\/dr-katharina-kolb-a8556392\/\" target=\"_blank\" rel=\"noopener\"><br \/><img decoding=\"async\" src=\"https:\/\/lieffcabraser-europe.com\/wp-content\/uploads\/2025\/08\/lchb-icon-linkedin-green.png\" alt=\"kolb\" width=\"60\"><br \/><\/a><\/p>\n<\/div>\n<p>[\/et_pb_text][\/et_pb_column][\/et_pb_row][et_pb_row _builder_version=&#8220;4.27.4&#8243; _module_preset=&#8220;default&#8220; width_tablet=&#8220;&#8220; width_phone=&#8220;90%&#8220; width_last_edited=&#8220;on|phone&#8220; global_colors_info=&#8220;{}&#8220;][et_pb_column type=&#8220;4_4&#8243; _builder_version=&#8220;4.27.4&#8243; _module_preset=&#8220;default&#8220; global_colors_info=&#8220;{}&#8220;][et_pb_text disabled_on=&#8220;off|off|off&#8220; _builder_version=&#8220;4.27.4&#8243; _module_preset=&#8220;default&#8220; custom_margin=&#8220;||0.3%||false|false&#8220; global_colors_info=&#8220;{}&#8220;]<\/p>\n<p>Dr. Katharina Kolb ist die Gr\u00fcnderin und Managing Partnerin des M\u00fcnchener B\u00fcros von Lieff Cabraser und leitet die deutsche und europ\u00e4ische Prozessf\u00fchrungspraxis der Kanzlei.<\/p>\n<p>Dr. Kolb ber\u00e4t zu allen Aspekten des deutschen und europ\u00e4ischen Kartellrechts sowie des Delikts- und Schadensrechts. Ein besonderer Fokus ihrer Arbeit liegt auf komplexen grenz\u00fcberschreitenden Rechtsstreitigkeiten und kollektiver Rechtsdurchsetzung, mit Schwerpunkt auf der Beratung von Unternehmen, Finanzinvestoren und Prozessfinanzierern. <\/p>\n<p>Sie geh\u00f6rt zu den f\u00fchrenden Rechtsberatern betreffend die Etablierung und Weiterentwicklung von Modellen der Prozessfinanzierung und Anspruchsmonetarisierung im deutschen Markt und ber\u00e4t Investoren aus aller Welt bei der Strukturierung und Durchf\u00fchrung von Investitionen in Schadensersatzverfahren sowie bei dem Erwerb gro\u00dfvolumiger Schadensersatzanspr\u00fcche.<\/p>\n<p>Sie vertritt Unternehmen und Prozessvehikel in Gerichtsverfahren in ganz Deutschland und koordiniert strategische Rechtsstreitigkeiten in ganz Europa.<\/p>\n<p>Vor der Gr\u00fcndung des M\u00fcnchener B\u00fcros von Lieff Cabraser hatte Dr. Kolb eine leitende Position in der Kartellrechtspraxis einer anderen f\u00fchrenden internationalen Anwaltskanzlei inne. Zuvor war sie in den Praxisgruppen Gesellschaftsrecht und Wertpapierrecht gro\u00dfer internationaler Anwaltskanzleien in Deutschland und Kanada t\u00e4tig. Sie promovierte mit einer Arbeit zum deutschen au\u00dfervertraglichen Haftungsrecht.  <\/p>\n<p>Laut JUVE Rechtsmarkt geh\u00f6rt Dr. Kolb zu den \u201e20 f\u00fchrenden K\u00f6pfen im Kartellschadensersatz\u201c in Deutschland. Who\u2019s Who Legal z\u00e4hlt sie zu den \u201eThought Leaders\u201c im Kartellrecht f\u00fcr die Kl\u00e4gerseite und sie ist unter den \u201eGlobal 500 Plaintiff Lawyers\u201c und den \u201e500 Leading Global Antitrust &amp; Competition Lawyers\u201c gem\u00e4\u00df Lawdragon.<\/p>\n<p>Dr. Kolb ist Mitglied des Vorstands des deutschen Competition Litigation Forum und Vice Chair des Global Private Litigation Committee der American Bar Association sowie Mitglied des European Circle for Competition Damages der <em>Studienvereinigung Kartellrecht<\/em> und des <em>M\u00fcnchener Kartellrechtsforum.<\/em> <\/p>\n<p>Au\u00dferdem ist Dr. Kolb Mitherausgeberin des im C.H. Beck Verlag erscheinenden \u201eHandbuch Prozessfinanzierung\u201c.<\/p>\n<p>[\/et_pb_text][\/et_pb_column][\/et_pb_row][\/et_pb_section][et_pb_section fb_built=&#8220;1&#8243; disabled_on=&#8220;off|off|off&#8220; _builder_version=&#8220;4.27.4&#8243; _module_preset=&#8220;default&#8220; background_color=&#8220;gcid-85dcc8de-0302-42c1-9ff1-0c939cae4a53&#8243; locked=&#8220;off&#8220; global_colors_info=&#8220;{%22gcid-85dcc8de-0302-42c1-9ff1-0c939cae4a53%22:%91%22background_color%22%93}&#8220;][et_pb_row _builder_version=&#8220;4.27.4&#8243; _module_preset=&#8220;default&#8220; width_tablet=&#8220;&#8220; width_phone=&#8220;90%&#8220; width_last_edited=&#8220;on|phone&#8220; global_colors_info=&#8220;{}&#8220;][et_pb_column type=&#8220;4_4&#8243; _builder_version=&#8220;4.27.4&#8243; _module_preset=&#8220;default&#8220; global_colors_info=&#8220;{}&#8220;][et_pb_accordion open_toggle_text_color=&#8220;gcid-secondary-color&#8220; open_toggle_background_color=&#8220;RGBA(255,255,255,0)&#8220; closed_toggle_background_color=&#8220;RGBA(255,255,255,0)&#8220; toggle_icon=&#8220;&#xf0fe;||fa||900&#8243; icon_color=&#8220;#000000&#8243; use_icon_font_size=&#8220;on&#8220; icon_font_size=&#8220;30px&#8220; _builder_version=&#8220;4.27.5&#8243; _module_preset=&#8220;default&#8220; toggle_text_color=&#8220;gcid-secondary-color&#8220; background_color=&#8220;RGBA(255,255,255,0)&#8220; module_alignment=&#8220;left&#8220; custom_padding=&#8220;|0px||0px|false|false&#8220; hover_enabled=&#8220;0&#8243; border_width_all=&#8220;0px&#8220; border_width_bottom=&#8220;2px&#8220; global_colors_info=&#8220;{%22gcid-secondary-color%22:%91%22open_toggle_text_color%22,%22toggle_text_color%22%93}&#8220; sticky_enabled=&#8220;0&#8243;][et_pb_accordion_item title=&#8220;Sprachen&#8220; open=&#8220;on&#8220; _builder_version=&#8220;4.27.4&#8243; _module_preset=&#8220;default&#8220; custom_padding=&#8220;|8px||0px|false|false&#8220; global_colors_info=&#8220;{}&#8220;]<\/p>\n<p>\u2022 Deutsch<br \/>\u2022 Englisch<br \/>\u2022 Franz\u00f6sisch<\/p>\n<p>[\/et_pb_accordion_item][et_pb_accordion_item title=&#8220;T\u00e4tigkeitsgebiete&#8220; _builder_version=&#8220;4.27.4&#8243; _module_preset=&#8220;default&#8220; custom_padding=&#8220;|8px||0px|false|false&#8220; global_colors_info=&#8220;{}&#8220; open=&#8220;off&#8220;]<\/p>\n<p>\u2022 Kartellrecht<br \/>\u2022 Commercial Litigation<br \/>\u2022 Haftungsrecht<br \/>\u2022 Prozessfinanzierung \/ Forderungskauf<br \/>\u2022 Massenverfahren<\/p>\n<p>[\/et_pb_accordion_item][et_pb_accordion_item title=&#8220;Ausbildung&#8220; _builder_version=&#8220;4.27.4&#8243; _module_preset=&#8220;default&#8220; custom_padding=&#8220;|8px||0px|false|false&#8220; global_colors_info=&#8220;{}&#8220; open=&#8220;off&#8220;]<\/p>\n<p><strong>Zweites juristisches Staatsexamen,<\/strong> M\u00fcnchen, 2010<\/p>\n<p><strong>Dissertation<\/strong>, Ludwig-Maximilians-University, M\u00fcnchen, 2008<\/p>\n<p><strong>Erstes juristisches Staatsexamen,<\/strong> M\u00fcnchen, 2007<\/p>\n<p>[\/et_pb_accordion_item][et_pb_accordion_item title=&#8220;Mitgliedschaften&#8220; _builder_version=&#8220;4.27.4&#8243; _module_preset=&#8220;default&#8220; custom_padding=&#8220;|8px||0px|false|false&#8220; global_colors_info=&#8220;{}&#8220; open=&#8220;off&#8220;]<\/p>\n<p><strong>Competition Litigation Forum,<\/strong> Vorstandsmitglied<\/p>\n<p><strong>American Bar Association, Global Private Litigation Committee,<\/strong> Vice Chair<\/p>\n<p><strong>The European Circle for Competition Damages<\/strong>, Mitglied<\/p>\n<p><strong>Studienvereinigung Kartellrecht<\/strong>, Mitglied<\/p>\n<p><strong>M\u00fcnchener Kartellrechtsforum<\/strong>, Mitglied<\/p>\n<p>[\/et_pb_accordion_item][et_pb_accordion_item title=&#8220;Publikationen und Beitr\u00e4ge&#8220; _builder_version=&#8220;4.27.4&#8243; _module_preset=&#8220;default&#8220; custom_padding=&#8220;|8px||0px|false|false&#8220; global_colors_info=&#8220;{}&#8220; open=&#8220;off&#8220;]<\/p>\n<p><strong>Autorin,<\/strong> \u201cThe Passing-On Defense in European Cartel Damages Litigation: A Comparative Perspective\u201d, Antitrust Law Section, Antitrust Newsletter, Januar 2025<\/p>\n<p><strong>Moderatorin,<\/strong> \u201cIs there a practical and balanced approach to the pass-on defense?\u201d, Competition Litigation Forum, November 2024<\/p>\n<p><strong>Podiumsmitglied,<\/strong> \u201cPrivate Enforcement and Collective Redress in Europe\u201d, ABA Antitrust Law Section Webinar, Februar 2024<\/p>\n<p><strong>Autorin,<\/strong> \u201cThe Future of the Statute of Limitations for Antitrust Damages Claims in Europe\u201d, Antitrust Law Section, Antitrust Newsletter, Januar 2024<\/p>\n<p><strong>Vortragende,<\/strong> \u201cSGP Private Enforcement Conference\u201d, Oktober 2023<\/p>\n<p><strong>Moderatorin,<\/strong> \u201cPrivate Damages Actions: The In-House Perspective\u201d, ABA Global Private Litigation Conference, Juni 2023<\/p>\n<p><strong>Autorin,<\/strong> \u201cDie Finanzierung privater Rechtsstreitigkeiten durch Dritte \u2013 Aktuelle Entwicklungen in Europa\u201d, DisputeResolution \u2013 Das Online-Magazin f\u00fcr Streitbeilegung, Ausgabe 1 \u2013 2023<\/p>\n<p><strong>Autorin,<\/strong> \u201cPrivate Litigation and Third-Party Litigation Funding: Developments in Europe\u201d, Antitrust Law Section, Antitrust Newsletter, Februar 2023<\/p>\n<p><strong>Podiumsmitglied,<\/strong> \u201cGlobal Antitrust Litigation Update: Trucks, Bucks and More\u201d, ABA Antitrust Law Section Webinar, Februar 2023<\/p>\n<p><strong>Podiumsmitglied,<\/strong> \u201cCollective Actions in Europe: An Update\u201d, ABA Antitrust Law Section Program, Juni 2021<\/p>\n<p><strong>Vortragende,<\/strong> \u201cTrends in collective damages litigation\u201d, GCR Connect: Germany 2021, Mai 2021<\/p>\n<p>[\/et_pb_accordion_item][et_pb_accordion_item title=&#8220;Auszeichnungen&#8220; _builder_version=&#8220;4.27.5&#8243; _module_preset=&#8220;default&#8220; custom_padding=&#8220;|8px||0px|false|false&#8220; hover_enabled=&#8220;0&#8243; global_colors_info=&#8220;{}&#8220; open=&#8220;off&#8220; sticky_enabled=&#8220;0&#8243;]<\/p>\n<p class=\"p1\"><strong>Thought Leader Competition,<\/strong> Lexology 2026<\/p>\n<p class=\"p1\"><strong>Thought Leader Competition \u2013 Plaintiff<\/strong>, Who is Who Legal 2025<\/p>\n<p><strong>500 weltweit f\u00fchrende Anw\u00e4lte f\u00fcr Kartell- und Wettbewerbsrecht,<\/strong> Lawdragon 2025<\/p>\n<p><strong>20 f\u00fchrende Anw\u00e4lte f\u00fcr Kartellschadensersatzklagen in Deutschland,<\/strong> JUVE 2024<\/p>\n<p><strong>500 weltweit f\u00fchrende Kl\u00e4geranw\u00e4lte,<\/strong> Lawdragon 2024<\/p>\n<p>[\/et_pb_accordion_item][\/et_pb_accordion][\/et_pb_column][\/et_pb_row][\/et_pb_section]<\/p>\n","protected":false},"excerpt":{"rendered":"<p>Dr. Katharina KolbManaging Partnerin, M\u00fcnchenkkolb@lchb.com+49.89.2555.2361 Dr. Katharina Kolb ist die Gr\u00fcnderin und Managing Partnerin des M\u00fcnchener B\u00fcros von Lieff Cabraser und leitet die deutsche und europ\u00e4ische Prozessf\u00fchrungspraxis der Kanzlei. Dr. Kolb ber\u00e4t zu allen Aspekten des deutschen und europ\u00e4ischen Kartellrechts sowie des Delikts- und Schadensrechts. Ein besonderer Fokus ihrer Arbeit liegt auf komplexen grenz\u00fcberschreitenden Rechtsstreitigkeiten [&hellip;]<\/p>\n","protected":false},"author":1,"featured_media":0,"parent":0,"menu_order":0,"comment_status":"closed","ping_status":"closed","template":"","meta":{"_et_pb_use_builder":"on","_et_pb_old_content":"","_et_gb_content_width":"","footnotes":""},"class_list":["post-1290","page","type-page","status-publish","hentry"],"yoast_head":"<!-- This site is optimized with the Yoast SEO plugin v26.7 - https:\/\/yoast.com\/wordpress\/plugins\/seo\/ -->\n<title>Dr. Katharina Kolb \u2013 Managing Partner \u2013 M\u00fcnchen<\/title>\n<meta name=\"description\" content=\"Dr. Katharina Kolb \u2013 Managing Partner \u2013 Munich Office. Sie ber\u00e4t zu allen Aspekten des Kartellrechts sowie des Delikts- und Schadensrechts.\" \/>\n<meta name=\"robots\" content=\"index, follow, max-snippet:-1, max-image-preview:large, max-video-preview:-1\" \/>\n<link rel=\"canonical\" href=\"https:\/\/lieffcabraser-europe.com\/de\/dr-katharina-kolb\/\" \/>\n<meta property=\"og:locale\" content=\"de_DE\" \/>\n<meta property=\"og:type\" content=\"article\" \/>\n<meta property=\"og:title\" content=\"Dr. Katharina Kolb \u2013 Managing Partner \u2013 M\u00fcnchen\" \/>\n<meta property=\"og:description\" content=\"Dr. Katharina Kolb \u2013 Managing Partner \u2013 Munich Office. Sie ber\u00e4t zu allen Aspekten des Kartellrechts sowie des Delikts- und Schadensrechts.\" \/>\n<meta property=\"og:url\" content=\"https:\/\/lieffcabraser-europe.com\/de\/dr-katharina-kolb\/\" \/>\n<meta property=\"og:site_name\" content=\"Lieff cabraser europe\" \/>\n<meta property=\"article:modified_time\" content=\"2026-04-07T07:59:11+00:00\" \/>\n<meta property=\"og:image\" content=\"https:\/\/lieffcabraser-europe.com\/wp-content\/uploads\/2025\/08\/lchb-icon-vcard-green.png\" \/>\n<meta name=\"twitter:card\" content=\"summary_large_image\" \/>\n<meta name=\"twitter:label1\" content=\"Gesch\u00e4tzte Lesezeit\" \/>\n\t<meta name=\"twitter:data1\" content=\"7\u00a0Minuten\" \/>\n<script type=\"application\/ld+json\" class=\"yoast-schema-graph\">{\"@context\":\"https:\/\/schema.org\",\"@graph\":[{\"@type\":\"WebPage\",\"@id\":\"https:\/\/lieffcabraser-europe.com\/de\/dr-katharina-kolb\/\",\"url\":\"https:\/\/lieffcabraser-europe.com\/de\/dr-katharina-kolb\/\",\"name\":\"Dr. Katharina Kolb \u2013 Managing Partner \u2013 M\u00fcnchen\",\"isPartOf\":{\"@id\":\"https:\/\/lieffcabraser-europe.com\/#website\"},\"primaryImageOfPage\":{\"@id\":\"https:\/\/lieffcabraser-europe.com\/de\/dr-katharina-kolb\/#primaryimage\"},\"image\":{\"@id\":\"https:\/\/lieffcabraser-europe.com\/de\/dr-katharina-kolb\/#primaryimage\"},\"thumbnailUrl\":\"https:\/\/lieffcabraser-europe.com\/wp-content\/uploads\/2025\/08\/lchb-icon-vcard-green.png\",\"datePublished\":\"2025-08-11T11:20:05+00:00\",\"dateModified\":\"2026-04-07T07:59:11+00:00\",\"description\":\"Dr. Katharina Kolb \u2013 Managing Partner \u2013 Munich Office. Sie ber\u00e4t zu allen Aspekten des Kartellrechts sowie des Delikts- und Schadensrechts.\",\"breadcrumb\":{\"@id\":\"https:\/\/lieffcabraser-europe.com\/de\/dr-katharina-kolb\/#breadcrumb\"},\"inLanguage\":\"de\",\"potentialAction\":[{\"@type\":\"ReadAction\",\"target\":[\"https:\/\/lieffcabraser-europe.com\/de\/dr-katharina-kolb\/\"]}]},{\"@type\":\"ImageObject\",\"inLanguage\":\"de\",\"@id\":\"https:\/\/lieffcabraser-europe.com\/de\/dr-katharina-kolb\/#primaryimage\",\"url\":\"https:\/\/lieffcabraser-europe.com\/wp-content\/uploads\/2025\/08\/lchb-icon-vcard-green.png\",\"contentUrl\":\"https:\/\/lieffcabraser-europe.com\/wp-content\/uploads\/2025\/08\/lchb-icon-vcard-green.png\"},{\"@type\":\"BreadcrumbList\",\"@id\":\"https:\/\/lieffcabraser-europe.com\/de\/dr-katharina-kolb\/#breadcrumb\",\"itemListElement\":[{\"@type\":\"ListItem\",\"position\":1,\"name\":\"Home\",\"item\":\"https:\/\/lieffcabraser-europe.com\/de\/kanzlei\/\"},{\"@type\":\"ListItem\",\"position\":2,\"name\":\"Dr. Katharina Kolb\"}]},{\"@type\":\"WebSite\",\"@id\":\"https:\/\/lieffcabraser-europe.com\/#website\",\"url\":\"https:\/\/lieffcabraser-europe.com\/\",\"name\":\"Lieff Cabraser Europe\",\"description\":\"\",\"publisher\":{\"@id\":\"https:\/\/lieffcabraser-europe.com\/#organization\"},\"potentialAction\":[{\"@type\":\"SearchAction\",\"target\":{\"@type\":\"EntryPoint\",\"urlTemplate\":\"https:\/\/lieffcabraser-europe.com\/?s={search_term_string}\"},\"query-input\":{\"@type\":\"PropertyValueSpecification\",\"valueRequired\":true,\"valueName\":\"search_term_string\"}}],\"inLanguage\":\"de\"},{\"@type\":\"Organization\",\"@id\":\"https:\/\/lieffcabraser-europe.com\/#organization\",\"name\":\"Lieff Cabraser Heimann & Bernstein, LLP\",\"url\":\"https:\/\/lieffcabraser-europe.com\/\",\"logo\":{\"@type\":\"ImageObject\",\"inLanguage\":\"de\",\"@id\":\"https:\/\/lieffcabraser-europe.com\/#\/schema\/logo\/image\/\",\"url\":\"https:\/\/lieffcabraser-europe.com\/wp-content\/uploads\/2025\/08\/lchb-logo-200-2.jpg\",\"contentUrl\":\"https:\/\/lieffcabraser-europe.com\/wp-content\/uploads\/2025\/08\/lchb-logo-200-2.jpg\",\"width\":196,\"height\":200,\"caption\":\"Lieff Cabraser Heimann & Bernstein, LLP\"},\"image\":{\"@id\":\"https:\/\/lieffcabraser-europe.com\/#\/schema\/logo\/image\/\"}}]}<\/script>\n<!-- \/ Yoast SEO plugin. -->","yoast_head_json":{"title":"Dr. Katharina Kolb \u2013 Managing Partner \u2013 M\u00fcnchen","description":"Dr. Katharina Kolb \u2013 Managing Partner \u2013 Munich Office. Sie ber\u00e4t zu allen Aspekten des Kartellrechts sowie des Delikts- und Schadensrechts.","robots":{"index":"index","follow":"follow","max-snippet":"max-snippet:-1","max-image-preview":"max-image-preview:large","max-video-preview":"max-video-preview:-1"},"canonical":"https:\/\/lieffcabraser-europe.com\/de\/dr-katharina-kolb\/","og_locale":"de_DE","og_type":"article","og_title":"Dr. Katharina Kolb \u2013 Managing Partner \u2013 M\u00fcnchen","og_description":"Dr. Katharina Kolb \u2013 Managing Partner \u2013 Munich Office. Sie ber\u00e4t zu allen Aspekten des Kartellrechts sowie des Delikts- und Schadensrechts.","og_url":"https:\/\/lieffcabraser-europe.com\/de\/dr-katharina-kolb\/","og_site_name":"Lieff cabraser europe","article_modified_time":"2026-04-07T07:59:11+00:00","og_image":[{"url":"https:\/\/lieffcabraser-europe.com\/wp-content\/uploads\/2025\/08\/lchb-icon-vcard-green.png","type":"","width":"","height":""}],"twitter_card":"summary_large_image","twitter_misc":{"Gesch\u00e4tzte Lesezeit":"7\u00a0Minuten"},"schema":{"@context":"https:\/\/schema.org","@graph":[{"@type":"WebPage","@id":"https:\/\/lieffcabraser-europe.com\/de\/dr-katharina-kolb\/","url":"https:\/\/lieffcabraser-europe.com\/de\/dr-katharina-kolb\/","name":"Dr. Katharina Kolb \u2013 Managing Partner \u2013 M\u00fcnchen","isPartOf":{"@id":"https:\/\/lieffcabraser-europe.com\/#website"},"primaryImageOfPage":{"@id":"https:\/\/lieffcabraser-europe.com\/de\/dr-katharina-kolb\/#primaryimage"},"image":{"@id":"https:\/\/lieffcabraser-europe.com\/de\/dr-katharina-kolb\/#primaryimage"},"thumbnailUrl":"https:\/\/lieffcabraser-europe.com\/wp-content\/uploads\/2025\/08\/lchb-icon-vcard-green.png","datePublished":"2025-08-11T11:20:05+00:00","dateModified":"2026-04-07T07:59:11+00:00","description":"Dr. Katharina Kolb \u2013 Managing Partner \u2013 Munich Office. Sie ber\u00e4t zu allen Aspekten des Kartellrechts sowie des Delikts- und Schadensrechts.","breadcrumb":{"@id":"https:\/\/lieffcabraser-europe.com\/de\/dr-katharina-kolb\/#breadcrumb"},"inLanguage":"de","potentialAction":[{"@type":"ReadAction","target":["https:\/\/lieffcabraser-europe.com\/de\/dr-katharina-kolb\/"]}]},{"@type":"ImageObject","inLanguage":"de","@id":"https:\/\/lieffcabraser-europe.com\/de\/dr-katharina-kolb\/#primaryimage","url":"https:\/\/lieffcabraser-europe.com\/wp-content\/uploads\/2025\/08\/lchb-icon-vcard-green.png","contentUrl":"https:\/\/lieffcabraser-europe.com\/wp-content\/uploads\/2025\/08\/lchb-icon-vcard-green.png"},{"@type":"BreadcrumbList","@id":"https:\/\/lieffcabraser-europe.com\/de\/dr-katharina-kolb\/#breadcrumb","itemListElement":[{"@type":"ListItem","position":1,"name":"Home","item":"https:\/\/lieffcabraser-europe.com\/de\/kanzlei\/"},{"@type":"ListItem","position":2,"name":"Dr. Katharina Kolb"}]},{"@type":"WebSite","@id":"https:\/\/lieffcabraser-europe.com\/#website","url":"https:\/\/lieffcabraser-europe.com\/","name":"Lieff Cabraser Europe","description":"","publisher":{"@id":"https:\/\/lieffcabraser-europe.com\/#organization"},"potentialAction":[{"@type":"SearchAction","target":{"@type":"EntryPoint","urlTemplate":"https:\/\/lieffcabraser-europe.com\/?s={search_term_string}"},"query-input":{"@type":"PropertyValueSpecification","valueRequired":true,"valueName":"search_term_string"}}],"inLanguage":"de"},{"@type":"Organization","@id":"https:\/\/lieffcabraser-europe.com\/#organization","name":"Lieff Cabraser Heimann & Bernstein, LLP","url":"https:\/\/lieffcabraser-europe.com\/","logo":{"@type":"ImageObject","inLanguage":"de","@id":"https:\/\/lieffcabraser-europe.com\/#\/schema\/logo\/image\/","url":"https:\/\/lieffcabraser-europe.com\/wp-content\/uploads\/2025\/08\/lchb-logo-200-2.jpg","contentUrl":"https:\/\/lieffcabraser-europe.com\/wp-content\/uploads\/2025\/08\/lchb-logo-200-2.jpg","width":196,"height":200,"caption":"Lieff Cabraser Heimann & Bernstein, LLP"},"image":{"@id":"https:\/\/lieffcabraser-europe.com\/#\/schema\/logo\/image\/"}}]}},"_links":{"self":[{"href":"https:\/\/lieffcabraser-europe.com\/de\/wp-json\/wp\/v2\/pages\/1290","targetHints":{"allow":["GET"]}}],"collection":[{"href":"https:\/\/lieffcabraser-europe.com\/de\/wp-json\/wp\/v2\/pages"}],"about":[{"href":"https:\/\/lieffcabraser-europe.com\/de\/wp-json\/wp\/v2\/types\/page"}],"author":[{"embeddable":true,"href":"https:\/\/lieffcabraser-europe.com\/de\/wp-json\/wp\/v2\/users\/1"}],"replies":[{"embeddable":true,"href":"https:\/\/lieffcabraser-europe.com\/de\/wp-json\/wp\/v2\/comments?post=1290"}],"version-history":[{"count":12,"href":"https:\/\/lieffcabraser-europe.com\/de\/wp-json\/wp\/v2\/pages\/1290\/revisions"}],"predecessor-version":[{"id":1910,"href":"https:\/\/lieffcabraser-europe.com\/de\/wp-json\/wp\/v2\/pages\/1290\/revisions\/1910"}],"wp:attachment":[{"href":"https:\/\/lieffcabraser-europe.com\/de\/wp-json\/wp\/v2\/media?parent=1290"}],"curies":[{"name":"wp","href":"https:\/\/api.w.org\/{rel}","templated":true}]}}