{"id":1308,"date":"2025-08-12T11:18:16","date_gmt":"2025-08-12T11:18:16","guid":{"rendered":"https:\/\/lieffcabraser-europe.com\/christina-queisser\/"},"modified":"2026-04-07T08:01:00","modified_gmt":"2026-04-07T08:01:00","slug":"christina-queisser","status":"publish","type":"page","link":"https:\/\/lieffcabraser-europe.com\/de\/christina-queisser\/","title":{"rendered":"Christina Queisser"},"content":{"rendered":"<p>[et_pb_section fb_built=&#8220;1&#8243; disabled_on=&#8220;on|off|off&#8220; admin_label=&#8220;section&#8220; _builder_version=&#8220;4.27.4&#8243; background_color=&#8220;#000000&#8243; custom_margin=&#8220;0px|0px|0px|0px|true|true&#8220; custom_padding=&#8220;0px|0px|0px|0px|true|true&#8220; global_colors_info=&#8220;{}&#8220;][et_pb_row _builder_version=&#8220;4.27.4&#8243; _module_preset=&#8220;default&#8220; width=&#8220;100%&#8220; max_width=&#8220;2560px&#8220; custom_margin=&#8220;0px|0px|0px|0px|true|true&#8220; custom_padding=&#8220;0px|0px|0px|0px|true|true&#8220; global_colors_info=&#8220;{}&#8220;][et_pb_column type=&#8220;4_4&#8243; _builder_version=&#8220;4.27.4&#8243; _module_preset=&#8220;default&#8220; global_colors_info=&#8220;{}&#8220;][et_pb_slider show_arrows=&#8220;off&#8220; show_pagination=&#8220;off&#8220; use_bg_overlay=&#8220;off&#8220; use_text_overlay=&#8220;off&#8220; _builder_version=&#8220;4.27.4&#8243; _module_preset=&#8220;default&#8220; background_color=&#8220;#000000&#8243; text_orientation=&#8220;left&#8220; custom_margin=&#8220;0px|0px|0px|0px|false|false&#8220; custom_padding=&#8220;||||false|false&#8220; auto=&#8220;on&#8220; auto_speed=&#8220;4000&#8243; hover_transition_duration=&#8220;250ms&#8220; global_colors_info=&#8220;{}&#8220;][et_pb_slide admin_title=&#8220;Queisser&#8220; _builder_version=&#8220;4.27.4&#8243; _module_preset=&#8220;default&#8220; header_level=&#8220;h1&#8243; header_font=&#8220;Arial||||||||&#8220; header_font_size=&#8220;100px&#8220; background_color=&#8220;#000000&#8243; background_enable_color=&#8220;on&#8220; background_image=&#8220;https:\/\/lieffcabraser-europe.com\/wp-content\/uploads\/2025\/10\/lchb-slider-queisser-hellgrau-2560-2.jpg&#8220; background_enable_image=&#8220;on&#8220; global_colors_info=&#8220;{}&#8220; sticky_transition=&#8220;on&#8220;][\/et_pb_slide][\/et_pb_slider][\/et_pb_column][\/et_pb_row][\/et_pb_section][et_pb_section fb_built=&#8220;1&#8243; disabled_on=&#8220;off|on|on&#8220; admin_label=&#8220;section&#8220; _builder_version=&#8220;4.27.4&#8243; background_color=&#8220;#000000&#8243; custom_margin=&#8220;0px|0px|0px|0px|true|true&#8220; custom_padding=&#8220;0px|0px|0px|0px|true|true&#8220; global_colors_info=&#8220;{}&#8220;][et_pb_row _builder_version=&#8220;4.27.4&#8243; _module_preset=&#8220;default&#8220; width=&#8220;100%&#8220; max_width=&#8220;2560px&#8220; custom_margin=&#8220;0px|0px|0px|0px|true|true&#8220; custom_padding=&#8220;0px|0px|0px|0px|true|true&#8220; global_colors_info=&#8220;{}&#8220;][et_pb_column type=&#8220;4_4&#8243; _builder_version=&#8220;4.27.4&#8243; _module_preset=&#8220;default&#8220; global_colors_info=&#8220;{}&#8220;][et_pb_slider show_arrows=&#8220;off&#8220; show_pagination=&#8220;off&#8220; use_bg_overlay=&#8220;off&#8220; use_text_overlay=&#8220;off&#8220; _builder_version=&#8220;4.27.4&#8243; _module_preset=&#8220;default&#8220; background_color=&#8220;#000000&#8243; background_image=&#8220;https:\/\/lieffcabraser-europe.com\/wp-content\/uploads\/2025\/08\/lchb-slider-career-empowerment-empathy-mobile-1.jpg&#8220; text_orientation=&#8220;left&#8220; min_height=&#8220;1000px&#8220; min_height_tablet=&#8220;1000px&#8220; min_height_phone=&#8220;330px&#8220; min_height_last_edited=&#8220;on|phone&#8220; custom_margin=&#8220;0px|0px|0px|0px|false|false&#8220; custom_padding=&#8220;||||false|false&#8220; auto=&#8220;on&#8220; auto_speed=&#8220;4000&#8243; hover_transition_duration=&#8220;250ms&#8220; global_colors_info=&#8220;{}&#8220;][et_pb_slide admin_title=&#8220;Queisser&#8220; _builder_version=&#8220;4.27.4&#8243; _module_preset=&#8220;default&#8220; header_level=&#8220;h1&#8243; header_font=&#8220;Arial||||||||&#8220; header_font_size=&#8220;100px&#8220; background_color=&#8220;#000000&#8243; background_enable_color=&#8220;on&#8220; background_image=&#8220;https:\/\/lieffcabraser-europe.com\/wp-content\/uploads\/2025\/10\/lchb-slider-queisser-hellgrau-mobile-1.jpg&#8220; background_enable_image=&#8220;on&#8220; global_colors_info=&#8220;{}&#8220; sticky_transition=&#8220;on&#8220;][\/et_pb_slide][\/et_pb_slider][\/et_pb_column][\/et_pb_row][\/et_pb_section][et_pb_section fb_built=&#8220;1&#8243; _builder_version=&#8220;4.27.4&#8243; _module_preset=&#8220;default&#8220; global_colors_info=&#8220;{}&#8220;][et_pb_row _builder_version=&#8220;4.27.4&#8243; _module_preset=&#8220;default&#8220; width_tablet=&#8220;&#8220; width_phone=&#8220;90%&#8220; width_last_edited=&#8220;on|phone&#8220; global_colors_info=&#8220;{}&#8220;][et_pb_column type=&#8220;4_4&#8243; _builder_version=&#8220;4.27.4&#8243; _module_preset=&#8220;default&#8220; global_colors_info=&#8220;{}&#8220;][et_pb_text _builder_version=&#8220;4.27.4&#8243; _module_preset=&#8220;default&#8220; global_colors_info=&#8220;{}&#8220;]<\/p>\n<h1>Christina Queisser<\/h1>\n<p>[\/et_pb_text][et_pb_text _builder_version=&#8220;4.27.4&#8243; _module_preset=&#8220;default&#8220; custom_margin=&#8220;||||false|false&#8220; global_colors_info=&#8220;{}&#8220;]<\/p>\n<p>Counsel, M\u00fcnchen<br \/><a href=\"mailto:cqueisser@lchb.com\">cqueisser@lchb.com<\/a><br \/><a href=\"tel:+498925552362\">+49.89.2555.2362<\/a><\/p>\n<div style=\"display: flex;\">\n<p><a href=\"https:\/\/lieffcabraser-europe.com\/wp-content\/uploads\/2025\/08\/lchb-vcard-queisser-1.vcf\"><br \/><img decoding=\"async\" src=\"https:\/\/lieffcabraser-europe.com\/wp-content\/uploads\/2025\/08\/lchb-icon-vcard-green.png\" alt=\"queisser\" width=\"60\" style=\"margin-right: 10px;\"><br \/><\/a><\/p>\n<p><a href=\"https:\/\/www.linkedin.com\/in\/christina-tamara-queisser\/\" target=\"_blank\" rel=\"noopener\"><br \/><img decoding=\"async\" src=\"https:\/\/lieffcabraser-europe.com\/wp-content\/uploads\/2025\/08\/lchb-icon-linkedin-green.png\" alt=\"queisser\" width=\"60\"><br \/><\/a><\/p>\n<\/div>\n<p>[\/et_pb_text][\/et_pb_column][\/et_pb_row][et_pb_row _builder_version=&#8220;4.27.4&#8243; _module_preset=&#8220;default&#8220; width_tablet=&#8220;&#8220; width_phone=&#8220;90%&#8220; width_last_edited=&#8220;on|phone&#8220; global_colors_info=&#8220;{}&#8220;][et_pb_column type=&#8220;4_4&#8243; _builder_version=&#8220;4.27.4&#8243; _module_preset=&#8220;default&#8220; global_colors_info=&#8220;{}&#8220;][et_pb_text disabled_on=&#8220;off|off|off&#8220; _builder_version=&#8220;4.27.4&#8243; _module_preset=&#8220;default&#8220; custom_margin=&#8220;||0.3%||false|false&#8220; global_colors_info=&#8220;{}&#8220;]<\/p>\n<p>Christina Queisser ist Counsel im M\u00fcnchener B\u00fcro von Lieff Cabraser und ber\u00e4t an der Schnittstelle von komplexer Prozessf\u00fchrung und Litigation-Investments. Sie verf\u00fcgt \u00fcber fundierte Erfahrung in den Bereichen Private Equity, Gesellschaftsrecht und Finanzierung. Sie begleitet Mandanten insbesondere bei Investitionen in komplexe Streitverfahren in Europa. <\/p>\n<p>Vor ihrem Wechsel zu Lieff Cabraser war Christina als Counsel bei einem f\u00fchrenden europ\u00e4ischen Private-Equity-Fonds t\u00e4tig. Zuvor arbeitete sie mehrere Jahre als Transaktionsanw\u00e4ltin in den Private-Equity- und Corporate-Praxen internationaler Wirtschaftskanzleien. <\/p>\n<p>Christina engagiert sich in verschiedenen Initiativen zur F\u00f6rderung von Diversit\u00e4t und Frauen im Wirtschaftsrecht.<\/p>\n<p>[\/et_pb_text][\/et_pb_column][\/et_pb_row][\/et_pb_section][et_pb_section fb_built=&#8220;1&#8243; disabled_on=&#8220;off|off|off&#8220; _builder_version=&#8220;4.27.4&#8243; _module_preset=&#8220;default&#8220; background_color=&#8220;gcid-85dcc8de-0302-42c1-9ff1-0c939cae4a53&#8243; locked=&#8220;off&#8220; global_colors_info=&#8220;{%22gcid-85dcc8de-0302-42c1-9ff1-0c939cae4a53%22:%91%22background_color%22%93}&#8220;][et_pb_row _builder_version=&#8220;4.27.4&#8243; _module_preset=&#8220;default&#8220; width_tablet=&#8220;&#8220; width_phone=&#8220;90%&#8220; width_last_edited=&#8220;on|phone&#8220; global_colors_info=&#8220;{}&#8220;][et_pb_column type=&#8220;4_4&#8243; _builder_version=&#8220;4.27.4&#8243; _module_preset=&#8220;default&#8220; global_colors_info=&#8220;{}&#8220;][et_pb_accordion open_toggle_text_color=&#8220;gcid-secondary-color&#8220; open_toggle_background_color=&#8220;RGBA(255,255,255,0)&#8220; closed_toggle_background_color=&#8220;RGBA(255,255,255,0)&#8220; toggle_icon=&#8220;&#xf0fe;||fa||900&#8243; icon_color=&#8220;#000000&#8243; use_icon_font_size=&#8220;on&#8220; icon_font_size=&#8220;30px&#8220; _builder_version=&#8220;4.27.4&#8243; _module_preset=&#8220;default&#8220; toggle_text_color=&#8220;gcid-secondary-color&#8220; background_color=&#8220;RGBA(255,255,255,0)&#8220; module_alignment=&#8220;left&#8220; custom_padding=&#8220;|0px||0px|false|false&#8220; border_width_all=&#8220;0px&#8220; border_width_bottom=&#8220;2px&#8220; global_colors_info=&#8220;{%22gcid-secondary-color%22:%91%22open_toggle_text_color%22,%22toggle_text_color%22%93}&#8220;][et_pb_accordion_item title=&#8220;Sprachen&#8220; open=&#8220;on&#8220; _builder_version=&#8220;4.27.4&#8243; _module_preset=&#8220;default&#8220; custom_padding=&#8220;|8px||0px|false|false&#8220; hover_enabled=&#8220;0&#8243; global_colors_info=&#8220;{}&#8220; sticky_enabled=&#8220;0&#8243;]<\/p>\n<p>\u2022 Deutsch<br \/>\u2022 Englisch<br \/>\u2022 Spanisch<\/p>\n<p>[\/et_pb_accordion_item][et_pb_accordion_item title=&#8220;T\u00e4tigkeitsgebiete&#8220; _builder_version=&#8220;4.27.4&#8243; _module_preset=&#8220;default&#8220; custom_padding=&#8220;|8px||0px|false|false&#8220; global_colors_info=&#8220;{}&#8220; open=&#8220;off&#8220;]<\/p>\n<p>\u2022 Investments<br \/>\u2022 Verbraucherschutzrecht<br \/>\u2022 Datenschutzrecht<br \/>\u2022 Massenverfahren<\/p>\n<p>[\/et_pb_accordion_item][et_pb_accordion_item title=&#8220;Ausbildung&#8220; _builder_version=&#8220;4.27.4&#8243; _module_preset=&#8220;default&#8220; custom_padding=&#8220;|8px||0px|false|false&#8220; global_colors_info=&#8220;{}&#8220; open=&#8220;off&#8220;]<\/p>\n<p><strong>Zweites juristisches Staatsexamen,<\/strong> Stuttgart, 2016<\/p>\n<p><strong>Erstes juristisches Staatsexamen,<\/strong> Heidelberg, 2013<\/p>\n<p>[\/et_pb_accordion_item][et_pb_accordion_item title=&#8220;Mitgliedschaften&#8220; _builder_version=&#8220;4.27.4&#8243; _module_preset=&#8220;default&#8220; custom_padding=&#8220;|8px||0px|false|false&#8220; global_colors_info=&#8220;{}&#8220; open=&#8220;off&#8220;]<\/p>\n<p><strong>Competition Litigation Forum <\/strong><\/p>\n<p><strong>Studienvereinigung Kartellrecht<\/strong><\/p>\n<p><strong>M\u00fcnchener Kartellrechtsforum<\/strong><\/p>\n<p>[\/et_pb_accordion_item][\/et_pb_accordion][\/et_pb_column][\/et_pb_row][\/et_pb_section]<\/p>\n","protected":false},"excerpt":{"rendered":"<p>Christina QueisserCounsel, M\u00fcnchencqueisser@lchb.com+49.89.2555.2362 Christina Queisser ist Counsel im M\u00fcnchener B\u00fcro von Lieff Cabraser und ber\u00e4t an der Schnittstelle von komplexer Prozessf\u00fchrung und Litigation-Investments. Sie verf\u00fcgt \u00fcber fundierte Erfahrung in den Bereichen Private Equity, Gesellschaftsrecht und Finanzierung. Sie begleitet Mandanten insbesondere bei Investitionen in komplexe Streitverfahren in Europa. Vor ihrem Wechsel zu Lieff Cabraser war Christina [&hellip;]<\/p>\n","protected":false},"author":1,"featured_media":0,"parent":0,"menu_order":0,"comment_status":"closed","ping_status":"closed","template":"","meta":{"_et_pb_use_builder":"on","_et_pb_old_content":"","_et_gb_content_width":"","footnotes":""},"class_list":["post-1308","page","type-page","status-publish","hentry"],"yoast_head":"<!-- This site is optimized with the Yoast SEO plugin v26.7 - https:\/\/yoast.com\/wordpress\/plugins\/seo\/ -->\n<title>Christina Queisser \u2013 Rechtsanw\u00e4ltin \u2013 M\u00fcnchen<\/title>\n<meta name=\"description\" content=\"Christina Queisser \u2013 Rechtsanw\u00e4ltin \u2013 M\u00fcnchen. Sie ber\u00e4t an der Schnittstelle von komplexer Prozessf\u00fchrung und Litigation-Investments\" \/>\n<meta name=\"robots\" content=\"index, follow, max-snippet:-1, max-image-preview:large, max-video-preview:-1\" \/>\n<link rel=\"canonical\" href=\"https:\/\/lieffcabraser-europe.com\/de\/christina-queisser\/\" \/>\n<meta property=\"og:locale\" content=\"de_DE\" \/>\n<meta property=\"og:type\" content=\"article\" \/>\n<meta property=\"og:title\" content=\"Christina Queisser \u2013 Rechtsanw\u00e4ltin \u2013 M\u00fcnchen\" \/>\n<meta property=\"og:description\" content=\"Christina Queisser \u2013 Rechtsanw\u00e4ltin \u2013 M\u00fcnchen. Sie ber\u00e4t an der Schnittstelle von komplexer Prozessf\u00fchrung und Litigation-Investments\" \/>\n<meta property=\"og:url\" content=\"https:\/\/lieffcabraser-europe.com\/de\/christina-queisser\/\" \/>\n<meta property=\"og:site_name\" content=\"Lieff cabraser europe\" \/>\n<meta property=\"article:modified_time\" content=\"2026-04-07T08:01:00+00:00\" \/>\n<meta property=\"og:image\" content=\"https:\/\/lieffcabraser-europe.com\/wp-content\/uploads\/2025\/08\/lchb-icon-vcard-green.png\" \/>\n<meta name=\"twitter:card\" content=\"summary_large_image\" \/>\n<meta name=\"twitter:label1\" content=\"Gesch\u00e4tzte Lesezeit\" \/>\n\t<meta name=\"twitter:data1\" content=\"5\u00a0Minuten\" \/>\n<script type=\"application\/ld+json\" class=\"yoast-schema-graph\">{\"@context\":\"https:\/\/schema.org\",\"@graph\":[{\"@type\":\"WebPage\",\"@id\":\"https:\/\/lieffcabraser-europe.com\/de\/christina-queisser\/\",\"url\":\"https:\/\/lieffcabraser-europe.com\/de\/christina-queisser\/\",\"name\":\"Christina Queisser \u2013 Rechtsanw\u00e4ltin \u2013 M\u00fcnchen\",\"isPartOf\":{\"@id\":\"https:\/\/lieffcabraser-europe.com\/#website\"},\"primaryImageOfPage\":{\"@id\":\"https:\/\/lieffcabraser-europe.com\/de\/christina-queisser\/#primaryimage\"},\"image\":{\"@id\":\"https:\/\/lieffcabraser-europe.com\/de\/christina-queisser\/#primaryimage\"},\"thumbnailUrl\":\"https:\/\/lieffcabraser-europe.com\/wp-content\/uploads\/2025\/08\/lchb-icon-vcard-green.png\",\"datePublished\":\"2025-08-12T11:18:16+00:00\",\"dateModified\":\"2026-04-07T08:01:00+00:00\",\"description\":\"Christina Queisser \u2013 Rechtsanw\u00e4ltin \u2013 M\u00fcnchen. Sie ber\u00e4t an der Schnittstelle von komplexer Prozessf\u00fchrung und Litigation-Investments\",\"breadcrumb\":{\"@id\":\"https:\/\/lieffcabraser-europe.com\/de\/christina-queisser\/#breadcrumb\"},\"inLanguage\":\"de\",\"potentialAction\":[{\"@type\":\"ReadAction\",\"target\":[\"https:\/\/lieffcabraser-europe.com\/de\/christina-queisser\/\"]}]},{\"@type\":\"ImageObject\",\"inLanguage\":\"de\",\"@id\":\"https:\/\/lieffcabraser-europe.com\/de\/christina-queisser\/#primaryimage\",\"url\":\"https:\/\/lieffcabraser-europe.com\/wp-content\/uploads\/2025\/08\/lchb-icon-vcard-green.png\",\"contentUrl\":\"https:\/\/lieffcabraser-europe.com\/wp-content\/uploads\/2025\/08\/lchb-icon-vcard-green.png\"},{\"@type\":\"BreadcrumbList\",\"@id\":\"https:\/\/lieffcabraser-europe.com\/de\/christina-queisser\/#breadcrumb\",\"itemListElement\":[{\"@type\":\"ListItem\",\"position\":1,\"name\":\"Home\",\"item\":\"https:\/\/lieffcabraser-europe.com\/de\/kanzlei\/\"},{\"@type\":\"ListItem\",\"position\":2,\"name\":\"Christina Queisser\"}]},{\"@type\":\"WebSite\",\"@id\":\"https:\/\/lieffcabraser-europe.com\/#website\",\"url\":\"https:\/\/lieffcabraser-europe.com\/\",\"name\":\"Lieff Cabraser Europe\",\"description\":\"\",\"publisher\":{\"@id\":\"https:\/\/lieffcabraser-europe.com\/#organization\"},\"potentialAction\":[{\"@type\":\"SearchAction\",\"target\":{\"@type\":\"EntryPoint\",\"urlTemplate\":\"https:\/\/lieffcabraser-europe.com\/?s={search_term_string}\"},\"query-input\":{\"@type\":\"PropertyValueSpecification\",\"valueRequired\":true,\"valueName\":\"search_term_string\"}}],\"inLanguage\":\"de\"},{\"@type\":\"Organization\",\"@id\":\"https:\/\/lieffcabraser-europe.com\/#organization\",\"name\":\"Lieff Cabraser Heimann & Bernstein, LLP\",\"url\":\"https:\/\/lieffcabraser-europe.com\/\",\"logo\":{\"@type\":\"ImageObject\",\"inLanguage\":\"de\",\"@id\":\"https:\/\/lieffcabraser-europe.com\/#\/schema\/logo\/image\/\",\"url\":\"https:\/\/lieffcabraser-europe.com\/wp-content\/uploads\/2025\/08\/lchb-logo-200-2.jpg\",\"contentUrl\":\"https:\/\/lieffcabraser-europe.com\/wp-content\/uploads\/2025\/08\/lchb-logo-200-2.jpg\",\"width\":196,\"height\":200,\"caption\":\"Lieff Cabraser Heimann & Bernstein, LLP\"},\"image\":{\"@id\":\"https:\/\/lieffcabraser-europe.com\/#\/schema\/logo\/image\/\"}}]}<\/script>\n<!-- \/ Yoast SEO plugin. -->","yoast_head_json":{"title":"Christina Queisser \u2013 Rechtsanw\u00e4ltin \u2013 M\u00fcnchen","description":"Christina Queisser \u2013 Rechtsanw\u00e4ltin \u2013 M\u00fcnchen. Sie ber\u00e4t an der Schnittstelle von komplexer Prozessf\u00fchrung und Litigation-Investments","robots":{"index":"index","follow":"follow","max-snippet":"max-snippet:-1","max-image-preview":"max-image-preview:large","max-video-preview":"max-video-preview:-1"},"canonical":"https:\/\/lieffcabraser-europe.com\/de\/christina-queisser\/","og_locale":"de_DE","og_type":"article","og_title":"Christina Queisser \u2013 Rechtsanw\u00e4ltin \u2013 M\u00fcnchen","og_description":"Christina Queisser \u2013 Rechtsanw\u00e4ltin \u2013 M\u00fcnchen. Sie ber\u00e4t an der Schnittstelle von komplexer Prozessf\u00fchrung und Litigation-Investments","og_url":"https:\/\/lieffcabraser-europe.com\/de\/christina-queisser\/","og_site_name":"Lieff cabraser europe","article_modified_time":"2026-04-07T08:01:00+00:00","og_image":[{"url":"https:\/\/lieffcabraser-europe.com\/wp-content\/uploads\/2025\/08\/lchb-icon-vcard-green.png","type":"","width":"","height":""}],"twitter_card":"summary_large_image","twitter_misc":{"Gesch\u00e4tzte Lesezeit":"5\u00a0Minuten"},"schema":{"@context":"https:\/\/schema.org","@graph":[{"@type":"WebPage","@id":"https:\/\/lieffcabraser-europe.com\/de\/christina-queisser\/","url":"https:\/\/lieffcabraser-europe.com\/de\/christina-queisser\/","name":"Christina Queisser \u2013 Rechtsanw\u00e4ltin \u2013 M\u00fcnchen","isPartOf":{"@id":"https:\/\/lieffcabraser-europe.com\/#website"},"primaryImageOfPage":{"@id":"https:\/\/lieffcabraser-europe.com\/de\/christina-queisser\/#primaryimage"},"image":{"@id":"https:\/\/lieffcabraser-europe.com\/de\/christina-queisser\/#primaryimage"},"thumbnailUrl":"https:\/\/lieffcabraser-europe.com\/wp-content\/uploads\/2025\/08\/lchb-icon-vcard-green.png","datePublished":"2025-08-12T11:18:16+00:00","dateModified":"2026-04-07T08:01:00+00:00","description":"Christina Queisser \u2013 Rechtsanw\u00e4ltin \u2013 M\u00fcnchen. Sie ber\u00e4t an der Schnittstelle von komplexer Prozessf\u00fchrung und Litigation-Investments","breadcrumb":{"@id":"https:\/\/lieffcabraser-europe.com\/de\/christina-queisser\/#breadcrumb"},"inLanguage":"de","potentialAction":[{"@type":"ReadAction","target":["https:\/\/lieffcabraser-europe.com\/de\/christina-queisser\/"]}]},{"@type":"ImageObject","inLanguage":"de","@id":"https:\/\/lieffcabraser-europe.com\/de\/christina-queisser\/#primaryimage","url":"https:\/\/lieffcabraser-europe.com\/wp-content\/uploads\/2025\/08\/lchb-icon-vcard-green.png","contentUrl":"https:\/\/lieffcabraser-europe.com\/wp-content\/uploads\/2025\/08\/lchb-icon-vcard-green.png"},{"@type":"BreadcrumbList","@id":"https:\/\/lieffcabraser-europe.com\/de\/christina-queisser\/#breadcrumb","itemListElement":[{"@type":"ListItem","position":1,"name":"Home","item":"https:\/\/lieffcabraser-europe.com\/de\/kanzlei\/"},{"@type":"ListItem","position":2,"name":"Christina Queisser"}]},{"@type":"WebSite","@id":"https:\/\/lieffcabraser-europe.com\/#website","url":"https:\/\/lieffcabraser-europe.com\/","name":"Lieff Cabraser Europe","description":"","publisher":{"@id":"https:\/\/lieffcabraser-europe.com\/#organization"},"potentialAction":[{"@type":"SearchAction","target":{"@type":"EntryPoint","urlTemplate":"https:\/\/lieffcabraser-europe.com\/?s={search_term_string}"},"query-input":{"@type":"PropertyValueSpecification","valueRequired":true,"valueName":"search_term_string"}}],"inLanguage":"de"},{"@type":"Organization","@id":"https:\/\/lieffcabraser-europe.com\/#organization","name":"Lieff Cabraser Heimann & Bernstein, LLP","url":"https:\/\/lieffcabraser-europe.com\/","logo":{"@type":"ImageObject","inLanguage":"de","@id":"https:\/\/lieffcabraser-europe.com\/#\/schema\/logo\/image\/","url":"https:\/\/lieffcabraser-europe.com\/wp-content\/uploads\/2025\/08\/lchb-logo-200-2.jpg","contentUrl":"https:\/\/lieffcabraser-europe.com\/wp-content\/uploads\/2025\/08\/lchb-logo-200-2.jpg","width":196,"height":200,"caption":"Lieff Cabraser Heimann & Bernstein, LLP"},"image":{"@id":"https:\/\/lieffcabraser-europe.com\/#\/schema\/logo\/image\/"}}]}},"_links":{"self":[{"href":"https:\/\/lieffcabraser-europe.com\/de\/wp-json\/wp\/v2\/pages\/1308","targetHints":{"allow":["GET"]}}],"collection":[{"href":"https:\/\/lieffcabraser-europe.com\/de\/wp-json\/wp\/v2\/pages"}],"about":[{"href":"https:\/\/lieffcabraser-europe.com\/de\/wp-json\/wp\/v2\/types\/page"}],"author":[{"embeddable":true,"href":"https:\/\/lieffcabraser-europe.com\/de\/wp-json\/wp\/v2\/users\/1"}],"replies":[{"embeddable":true,"href":"https:\/\/lieffcabraser-europe.com\/de\/wp-json\/wp\/v2\/comments?post=1308"}],"version-history":[{"count":18,"href":"https:\/\/lieffcabraser-europe.com\/de\/wp-json\/wp\/v2\/pages\/1308\/revisions"}],"predecessor-version":[{"id":1919,"href":"https:\/\/lieffcabraser-europe.com\/de\/wp-json\/wp\/v2\/pages\/1308\/revisions\/1919"}],"wp:attachment":[{"href":"https:\/\/lieffcabraser-europe.com\/de\/wp-json\/wp\/v2\/media?parent=1308"}],"curies":[{"name":"wp","href":"https:\/\/api.w.org\/{rel}","templated":true}]}}