{"id":1314,"date":"2025-08-12T12:12:35","date_gmt":"2025-08-12T12:12:35","guid":{"rendered":"https:\/\/lieffcabraser-europe.com\/rechtliche-hinweise\/"},"modified":"2025-12-08T08:21:27","modified_gmt":"2025-12-08T08:21:27","slug":"impressum","status":"publish","type":"page","link":"https:\/\/lieffcabraser-europe.com\/de\/impressum\/","title":{"rendered":"Impressum"},"content":{"rendered":"<p>[et_pb_section fb_built=&#8220;1&#8243; _builder_version=&#8220;4.27.4&#8243; _module_preset=&#8220;default&#8220; global_colors_info=&#8220;{}&#8220;][et_pb_row _builder_version=&#8220;4.27.4&#8243; _module_preset=&#8220;default&#8220; width_tablet=&#8220;&#8220; width_phone=&#8220;90%&#8220; width_last_edited=&#8220;on|phone&#8220; global_colors_info=&#8220;{}&#8220;][et_pb_column type=&#8220;4_4&#8243; _builder_version=&#8220;4.27.4&#8243; _module_preset=&#8220;default&#8220; global_colors_info=&#8220;{}&#8220;][et_pb_text _builder_version=&#8220;4.27.4&#8243; _module_preset=&#8220;default&#8220; global_colors_info=&#8220;{}&#8220;]<\/p>\n<h1>Rechtliche Hinweise<\/h1>\n<p>[\/et_pb_text][et_pb_text _builder_version=&#8220;4.27.4&#8243; _module_preset=&#8220;default&#8220; custom_margin=&#8220;||||false|false&#8220; hover_enabled=&#8220;0&#8243; global_colors_info=&#8220;{}&#8220; sticky_enabled=&#8220;0&#8243;]<\/p>\n<p><strong>Pflichtangaben nach \u00a7 5 Digitale-Dienste-Gesetz (\u201eDDG\u201c) sowie bestimmte Angaben nach \u00a7\u00a7 2, 3 Dienstleistungs-Informationspflichten-Verordnung (\u201eDL-InfoV\u201c)<\/strong><\/p>\n<p>Lieff Cabraser Heimann &amp; Bernstein, LLP (nachfolgend auch \u201eLieff Cabraser\u201c) ist eine Partnerschaftsgesellschaft (Limited Liability Partnership), die in den USA nach dem Recht des Bundesstaates Kalifornien gegr\u00fcndet wurde (eingetragen unter Aktenzeichen 50381 im Staat Kalifornien) und bei der die pers\u00f6nliche Haftung der Partner nach den dortigen Gesetzen beschr\u00e4nkt ist. Die Niederlassung M\u00fcnchen ist im Partnerschaftsregister unter der Nummer PR2098 eingetragen und bei der Rechtsanwaltskammer M\u00fcnchen zugelassen. <\/p>\n<p><strong>Lieff Cabraser Heimann &amp; Bernstein, LLP<\/strong><br \/>Frauenplatz 2<br \/>80331 M\u00fcnchen<br \/>Telefon: <a href=\"tel:+498925552360\">+49.89.2555.2360<\/a><br \/>Fax: <a href=\"tel:+498925552359\">+49.89.2555.2359<\/a><br \/>E-Mail: <a href=\"mailto:contact.munich@lchb.com\">contact.munich@lchb.com<\/a><\/p>\n<p><strong><\/strong><\/p>\n<p><strong>Vertretungsberechtigte<\/strong><\/p>\n<p>Rechtsanw\u00e4ltin Dr. Katharina Kolb, Managing Partner Germany<\/p>\n<p><strong><\/strong><\/p>\n<p><strong>Zulassungen und zust\u00e4ndige Kammer:<\/strong><\/p>\n<p>Die M\u00fcnchener Niederlassung der Lieff Cabraser Heimann &amp; Bernstein, LLP ist bei der Rechtsanwaltskammer M\u00fcnchen zugelassen. Soweit nicht anders angegeben, sind alle deutschen Rechtsanw\u00e4ltinnen und Rechtsanw\u00e4lte von Lieff Cabraser in der Bundesrepublik Deutschland als Rechtsanw\u00e4ltin \/ Rechtsanwalt zugelassen und geh\u00f6ren der Rechtsanwaltskammer M\u00fcnchen, Tal 33, 80331 M\u00fcnchen, <a href=\"mailto:info@rak-m.de\">info@rak-m.de<\/a>, <a href=\"https:\/\/www.rak-muenchen.de\">www.rak-muenchen.de<\/a>, an. <\/p>\n<p><strong><\/strong><\/p>\n<p><strong>Umsatzsteuer-Identifikationsnummer (\u00a7 27a UStG):<\/strong> DE 332487103<\/p>\n<p><strong><\/strong><\/p>\n<p><strong>Berufshaftpflichtversicherung:<\/strong><\/p>\n<p>Lieff Cabraser unterh\u00e4lt \u00fcber die Marsh USA, Inc., 1166 Avenue of the Americas, New York, NY 10036, USA, eine weltweit geltende Berufshaftpflichtversicherung.<\/p>\n<p>Um den berufsrechtlichen Anforderungen in Deutschland zu entsprechen, besteht dar\u00fcber hinaus eine die T\u00e4tigkeiten in Deutschland abdeckende Berufshaftpflichtversicherung bei der HDI Versicherung AG, HDI-Platz 1, 30659 Hannover.<\/p>\n<p><strong><\/strong><\/p>\n<p><strong>Berufsrechtliche Regelungen f\u00fcr Rechtsanw\u00e4lte:<\/strong><\/p>\n<p>BRAO \u2013 Bundesrechtsanwaltsordnung<\/p>\n<p>BORA \u2013 Berufsordnung f\u00fcr Rechtsanw\u00e4lte<\/p>\n<p>RVG \u2013 Gesetz \u00fcber die Verg\u00fctung der Rechtsanw\u00e4ltinnen und Rechtsanw\u00e4lte<\/p>\n<p>FAO \u2013 Fachanwaltsordnung<\/p>\n<p>CCBE-Berufsregeln \u2013 Berufsregeln der Rechtsanw\u00e4lte der Europ\u00e4ischen Union<\/p>\n<p>EuRAG \u2013 Gesetz \u00fcber die T\u00e4tigkeit europ\u00e4ischer Rechtsanw\u00e4lte in Deutschland<\/p>\n<p>Verordnung \u00fcber die Rechtsanwaltsverzeichnisse und die besonderen elektronischen Anwaltspostf\u00e4cher<\/p>\n<p>Sie finden die Gesetzes- und Verordnungstexte auf der Webseite der Bundesrechtsanwaltskammer unter <a href=\"https:\/\/www.brak.de\/anwaltschaft\/berufsrecht\">https:\/\/www.brak.de\/anwaltschaft\/berufsrecht.<\/a><\/p>\n<p><strong><\/strong><\/p>\n<p><strong>Au\u00dfergerichtliche Streitschlichtung:<\/strong><\/p>\n<p>F\u00fcr die Schlichtung von Streitigkeiten zwischen Rechtsanw\u00e4lten und ihren Auftraggebern besteht auf Antrag die M\u00f6glichkeit eines au\u00dfergerichtlichen Schlichtungsverfahrens bei den zust\u00e4ndigen Rechtsanwaltskammern (\u00a7\u00a7 73 Abs. 2 Nr. 3, 73 Abs. 5 BRAO) oder bei der Schlichtungsstelle der Rechtsanwaltschaft (\u00a7 191f BRAO) bei der Bundesrechtsanwaltskammer (<a href=\"https:\/\/www.brak.de\">www.brak.de<\/a>; <a href=\"mailto:schlichtungsstelle@brak.de\">schlichtungsstelle@brak.de<\/a>).<\/p>\n<p>Verantwortliche f\u00fcr journalistisch-redaktionelle Inhalte gem. \u00a7 18 Abs. 2 Medienstaatsvertrag (MStV): <\/p>\n<p>Rechtsanw\u00e4ltin Dr. Katharina Kolb, Managing Partner Germany<\/p>\n<p><strong><\/strong><\/p>\n<p><strong>Haftungsausschluss:<\/strong><\/p>\n<p>Die Inhalte dieser Website wurden mit gr\u00f6\u00dfter Sorgfalt erstellt. Auf Richtigkeit, Aktualit\u00e4t, Verst\u00e4ndlichkeit und st\u00e4ndige Verf\u00fcgbarkeit der bereitgestellten Informationen wird geachtet. Eine Gew\u00e4hr hierf\u00fcr k\u00f6nnen wir jedoch nicht \u00fcbernehmen. Als Dienstanbieter sind wir gem\u00e4\u00df \u00a7 7 Abs. 1 DDG in Verbindung mit Art. 4 bis 8 der EU-Verordnung 2022\/2065 (Gesetz \u00fcber digitale Dienste) beschr\u00e4nkt verantwortlich. Wir sind nicht verpflichtet, \u00fcbermittelte oder gespeicherte Informationen zu \u00fcberwachen oder aktiv nach Umst\u00e4nden zu forschen, die auf eine rechtswidrige T\u00e4tigkeit hindeuten. Verpflichtungen zur Entfernung oder Sperrung der Nutzung von Informationen nach den allgemeinen Gesetzen bleiben hiervon unber\u00fchrt. Eine diesbez\u00fcgliche Haftung ist jedoch erst ab dem Zeitpunkt der Kenntnis einer konkreten Rechtsverletzung m\u00f6glich. Sobald uns entsprechende Rechtsverletzungen bekannt werden, werden wir die Inhalte unverz\u00fcglich entfernen.        <\/p>\n<p>F\u00fcr die Inhalte externer Links \u00fcbernehmen wir trotz sorgf\u00e4ltiger Kontrolle keine Haftung. F\u00fcr den Inhalt verlinkter Seiten sind ausschlie\u00dflich deren jeweilige Betreiber verantwortlich. <\/p>\n<p><strong><\/strong><\/p>\n<p><strong>Urheberrecht:<\/strong><\/p>\n<p>Die auf dieser Website ver\u00f6ffentlichten Inhalte unterliegen dem deutschen Urheberrecht. Jede Form der Nutzung, wie etwa Vervielf\u00e4ltigung, Bearbeitung, Verbreitung oder sonstige Verwertung, die \u00fcber die gesetzlich erlaubten Grenzen hinausgeht, erfordert die vorherige schriftliche Zustimmung des jeweiligen Autors. Das Herunterladen und Anfertigen von Kopien dieser Website ist ausschlie\u00dflich f\u00fcr den privaten, nicht gewerblichen Gebrauch zul\u00e4ssig. Inhalte, die nicht vom Seitenbetreiber selbst stammen, werden unter Beachtung der Urheberrechte Dritter verwendet und entsprechend gekennzeichnet. Sollten Sie dennoch auf eine m\u00f6gliche Verletzung von Urheberrechten sto\u00dfen, bitten wir um einen entsprechenden Hinweis. Bei Bekanntwerden einer Rechtsverletzung werden betroffene Inhalte unverz\u00fcglich entfernt.     <\/p>\n<p>&nbsp;<\/p>\n<p>[\/et_pb_text][\/et_pb_column][\/et_pb_row][\/et_pb_section]<\/p>\n","protected":false},"excerpt":{"rendered":"<p>Rechtliche HinweisePflichtangaben nach \u00a7 5 Digitale-Dienste-Gesetz (\u201eDDG\u201c) sowie bestimmte Angaben nach \u00a7\u00a7 2, 3 Dienstleistungs-Informationspflichten-Verordnung (\u201eDL-InfoV\u201c) Lieff Cabraser Heimann &amp; Bernstein, LLP (nachfolgend auch \u201eLieff Cabraser\u201c) ist eine Partnerschaftsgesellschaft (Limited Liability Partnership), die in den USA nach dem Recht des Bundesstaates Kalifornien gegr\u00fcndet wurde (eingetragen unter Aktenzeichen 50381 im Staat Kalifornien) und bei der die [&hellip;]<\/p>\n","protected":false},"author":1,"featured_media":0,"parent":0,"menu_order":0,"comment_status":"closed","ping_status":"closed","template":"","meta":{"_et_pb_use_builder":"on","_et_pb_old_content":"","_et_gb_content_width":"","footnotes":""},"class_list":["post-1314","page","type-page","status-publish","hentry"],"yoast_head":"<!-- This site is optimized with the Yoast SEO plugin v26.7 - https:\/\/yoast.com\/wordpress\/plugins\/seo\/ -->\n<title>Impressum \u2013 Lieff Cabraser Europe<\/title>\n<meta name=\"description\" content=\"Impressum \u2013 Lieff Cabraser Europe. Mandatory information according to section 5 of the German Digital Services Act.\" \/>\n<meta name=\"robots\" content=\"index, follow, max-snippet:-1, max-image-preview:large, max-video-preview:-1\" \/>\n<link rel=\"canonical\" href=\"https:\/\/lieffcabraser-europe.com\/de\/impressum\/\" \/>\n<meta property=\"og:locale\" content=\"de_DE\" \/>\n<meta property=\"og:type\" content=\"article\" \/>\n<meta property=\"og:title\" content=\"Impressum \u2013 Lieff Cabraser Europe\" \/>\n<meta property=\"og:description\" content=\"Impressum \u2013 Lieff Cabraser Europe. Mandatory information according to section 5 of the German Digital Services Act.\" \/>\n<meta property=\"og:url\" content=\"https:\/\/lieffcabraser-europe.com\/de\/impressum\/\" \/>\n<meta property=\"og:site_name\" content=\"Lieff cabraser europe\" \/>\n<meta property=\"article:modified_time\" content=\"2025-12-08T08:21:27+00:00\" \/>\n<meta name=\"twitter:card\" content=\"summary_large_image\" \/>\n<meta name=\"twitter:label1\" content=\"Gesch\u00e4tzte Lesezeit\" \/>\n\t<meta name=\"twitter:data1\" content=\"4\u00a0Minuten\" \/>\n<script type=\"application\/ld+json\" class=\"yoast-schema-graph\">{\"@context\":\"https:\/\/schema.org\",\"@graph\":[{\"@type\":\"WebPage\",\"@id\":\"https:\/\/lieffcabraser-europe.com\/de\/impressum\/\",\"url\":\"https:\/\/lieffcabraser-europe.com\/de\/impressum\/\",\"name\":\"Impressum \u2013 Lieff Cabraser Europe\",\"isPartOf\":{\"@id\":\"https:\/\/lieffcabraser-europe.com\/#website\"},\"datePublished\":\"2025-08-12T12:12:35+00:00\",\"dateModified\":\"2025-12-08T08:21:27+00:00\",\"description\":\"Impressum \u2013 Lieff Cabraser Europe. Mandatory information according to section 5 of the German Digital Services Act.\",\"breadcrumb\":{\"@id\":\"https:\/\/lieffcabraser-europe.com\/de\/impressum\/#breadcrumb\"},\"inLanguage\":\"de\",\"potentialAction\":[{\"@type\":\"ReadAction\",\"target\":[\"https:\/\/lieffcabraser-europe.com\/de\/impressum\/\"]}]},{\"@type\":\"BreadcrumbList\",\"@id\":\"https:\/\/lieffcabraser-europe.com\/de\/impressum\/#breadcrumb\",\"itemListElement\":[{\"@type\":\"ListItem\",\"position\":1,\"name\":\"Home\",\"item\":\"https:\/\/lieffcabraser-europe.com\/de\/kanzlei\/\"},{\"@type\":\"ListItem\",\"position\":2,\"name\":\"Impressum\"}]},{\"@type\":\"WebSite\",\"@id\":\"https:\/\/lieffcabraser-europe.com\/#website\",\"url\":\"https:\/\/lieffcabraser-europe.com\/\",\"name\":\"Lieff Cabraser Europe\",\"description\":\"\",\"publisher\":{\"@id\":\"https:\/\/lieffcabraser-europe.com\/#organization\"},\"potentialAction\":[{\"@type\":\"SearchAction\",\"target\":{\"@type\":\"EntryPoint\",\"urlTemplate\":\"https:\/\/lieffcabraser-europe.com\/?s={search_term_string}\"},\"query-input\":{\"@type\":\"PropertyValueSpecification\",\"valueRequired\":true,\"valueName\":\"search_term_string\"}}],\"inLanguage\":\"de\"},{\"@type\":\"Organization\",\"@id\":\"https:\/\/lieffcabraser-europe.com\/#organization\",\"name\":\"Lieff Cabraser Heimann & Bernstein, LLP\",\"url\":\"https:\/\/lieffcabraser-europe.com\/\",\"logo\":{\"@type\":\"ImageObject\",\"inLanguage\":\"de\",\"@id\":\"https:\/\/lieffcabraser-europe.com\/#\/schema\/logo\/image\/\",\"url\":\"https:\/\/lieffcabraser-europe.com\/wp-content\/uploads\/2025\/08\/lchb-logo-200-2.jpg\",\"contentUrl\":\"https:\/\/lieffcabraser-europe.com\/wp-content\/uploads\/2025\/08\/lchb-logo-200-2.jpg\",\"width\":196,\"height\":200,\"caption\":\"Lieff Cabraser Heimann & Bernstein, LLP\"},\"image\":{\"@id\":\"https:\/\/lieffcabraser-europe.com\/#\/schema\/logo\/image\/\"}}]}<\/script>\n<!-- \/ Yoast SEO plugin. -->","yoast_head_json":{"title":"Impressum \u2013 Lieff Cabraser Europe","description":"Impressum \u2013 Lieff Cabraser Europe. Mandatory information according to section 5 of the German Digital Services Act.","robots":{"index":"index","follow":"follow","max-snippet":"max-snippet:-1","max-image-preview":"max-image-preview:large","max-video-preview":"max-video-preview:-1"},"canonical":"https:\/\/lieffcabraser-europe.com\/de\/impressum\/","og_locale":"de_DE","og_type":"article","og_title":"Impressum \u2013 Lieff Cabraser Europe","og_description":"Impressum \u2013 Lieff Cabraser Europe. Mandatory information according to section 5 of the German Digital Services Act.","og_url":"https:\/\/lieffcabraser-europe.com\/de\/impressum\/","og_site_name":"Lieff cabraser europe","article_modified_time":"2025-12-08T08:21:27+00:00","twitter_card":"summary_large_image","twitter_misc":{"Gesch\u00e4tzte Lesezeit":"4\u00a0Minuten"},"schema":{"@context":"https:\/\/schema.org","@graph":[{"@type":"WebPage","@id":"https:\/\/lieffcabraser-europe.com\/de\/impressum\/","url":"https:\/\/lieffcabraser-europe.com\/de\/impressum\/","name":"Impressum \u2013 Lieff Cabraser Europe","isPartOf":{"@id":"https:\/\/lieffcabraser-europe.com\/#website"},"datePublished":"2025-08-12T12:12:35+00:00","dateModified":"2025-12-08T08:21:27+00:00","description":"Impressum \u2013 Lieff Cabraser Europe. Mandatory information according to section 5 of the German Digital Services Act.","breadcrumb":{"@id":"https:\/\/lieffcabraser-europe.com\/de\/impressum\/#breadcrumb"},"inLanguage":"de","potentialAction":[{"@type":"ReadAction","target":["https:\/\/lieffcabraser-europe.com\/de\/impressum\/"]}]},{"@type":"BreadcrumbList","@id":"https:\/\/lieffcabraser-europe.com\/de\/impressum\/#breadcrumb","itemListElement":[{"@type":"ListItem","position":1,"name":"Home","item":"https:\/\/lieffcabraser-europe.com\/de\/kanzlei\/"},{"@type":"ListItem","position":2,"name":"Impressum"}]},{"@type":"WebSite","@id":"https:\/\/lieffcabraser-europe.com\/#website","url":"https:\/\/lieffcabraser-europe.com\/","name":"Lieff Cabraser Europe","description":"","publisher":{"@id":"https:\/\/lieffcabraser-europe.com\/#organization"},"potentialAction":[{"@type":"SearchAction","target":{"@type":"EntryPoint","urlTemplate":"https:\/\/lieffcabraser-europe.com\/?s={search_term_string}"},"query-input":{"@type":"PropertyValueSpecification","valueRequired":true,"valueName":"search_term_string"}}],"inLanguage":"de"},{"@type":"Organization","@id":"https:\/\/lieffcabraser-europe.com\/#organization","name":"Lieff Cabraser Heimann & Bernstein, LLP","url":"https:\/\/lieffcabraser-europe.com\/","logo":{"@type":"ImageObject","inLanguage":"de","@id":"https:\/\/lieffcabraser-europe.com\/#\/schema\/logo\/image\/","url":"https:\/\/lieffcabraser-europe.com\/wp-content\/uploads\/2025\/08\/lchb-logo-200-2.jpg","contentUrl":"https:\/\/lieffcabraser-europe.com\/wp-content\/uploads\/2025\/08\/lchb-logo-200-2.jpg","width":196,"height":200,"caption":"Lieff Cabraser Heimann & Bernstein, LLP"},"image":{"@id":"https:\/\/lieffcabraser-europe.com\/#\/schema\/logo\/image\/"}}]}},"_links":{"self":[{"href":"https:\/\/lieffcabraser-europe.com\/de\/wp-json\/wp\/v2\/pages\/1314","targetHints":{"allow":["GET"]}}],"collection":[{"href":"https:\/\/lieffcabraser-europe.com\/de\/wp-json\/wp\/v2\/pages"}],"about":[{"href":"https:\/\/lieffcabraser-europe.com\/de\/wp-json\/wp\/v2\/types\/page"}],"author":[{"embeddable":true,"href":"https:\/\/lieffcabraser-europe.com\/de\/wp-json\/wp\/v2\/users\/1"}],"replies":[{"embeddable":true,"href":"https:\/\/lieffcabraser-europe.com\/de\/wp-json\/wp\/v2\/comments?post=1314"}],"version-history":[{"count":5,"href":"https:\/\/lieffcabraser-europe.com\/de\/wp-json\/wp\/v2\/pages\/1314\/revisions"}],"predecessor-version":[{"id":1638,"href":"https:\/\/lieffcabraser-europe.com\/de\/wp-json\/wp\/v2\/pages\/1314\/revisions\/1638"}],"wp:attachment":[{"href":"https:\/\/lieffcabraser-europe.com\/de\/wp-json\/wp\/v2\/media?parent=1314"}],"curies":[{"name":"wp","href":"https:\/\/api.w.org\/{rel}","templated":true}]}}