{"id":1342,"date":"2025-08-13T09:50:23","date_gmt":"2025-08-13T09:50:23","guid":{"rendered":"https:\/\/lieffcabraser-europe.com\/dr-christoph-von-laufenberg\/"},"modified":"2026-04-07T08:02:35","modified_gmt":"2026-04-07T08:02:35","slug":"dr-christoph-von-laufenberg","status":"publish","type":"page","link":"https:\/\/lieffcabraser-europe.com\/de\/dr-christoph-von-laufenberg\/","title":{"rendered":"Dr. Christoph von Laufenberg"},"content":{"rendered":"<p>[et_pb_section fb_built=&#8220;1&#8243; disabled_on=&#8220;on|off|off&#8220; admin_label=&#8220;section&#8220; _builder_version=&#8220;4.27.4&#8243; background_color=&#8220;#000000&#8243; custom_margin=&#8220;0px|0px|0px|0px|true|true&#8220; custom_padding=&#8220;0px|0px|0px|0px|true|true&#8220; global_colors_info=&#8220;{}&#8220;][et_pb_row _builder_version=&#8220;4.27.4&#8243; _module_preset=&#8220;default&#8220; width=&#8220;100%&#8220; max_width=&#8220;2560px&#8220; custom_margin=&#8220;0px|0px|0px|0px|true|true&#8220; custom_padding=&#8220;0px|0px|0px|0px|true|true&#8220; global_colors_info=&#8220;{}&#8220;][et_pb_column type=&#8220;4_4&#8243; _builder_version=&#8220;4.27.4&#8243; _module_preset=&#8220;default&#8220; global_colors_info=&#8220;{}&#8220;][et_pb_slider show_arrows=&#8220;off&#8220; show_pagination=&#8220;off&#8220; use_bg_overlay=&#8220;off&#8220; use_text_overlay=&#8220;off&#8220; _builder_version=&#8220;4.27.4&#8243; _module_preset=&#8220;default&#8220; background_color=&#8220;#000000&#8243; text_orientation=&#8220;left&#8220; custom_margin=&#8220;0px|0px|0px|0px|false|false&#8220; custom_padding=&#8220;||||false|false&#8220; auto=&#8220;on&#8220; auto_speed=&#8220;4000&#8243; hover_transition_duration=&#8220;250ms&#8220; global_colors_info=&#8220;{}&#8220;][et_pb_slide admin_title=&#8220;von Laufenberg&#8220; _builder_version=&#8220;4.27.4&#8243; _module_preset=&#8220;default&#8220; header_level=&#8220;h1&#8243; header_font=&#8220;Arial||||||||&#8220; header_font_size=&#8220;100px&#8220; background_color=&#8220;#000000&#8243; background_enable_color=&#8220;on&#8220; background_image=&#8220;https:\/\/lieffcabraser-europe.com\/wp-content\/uploads\/2025\/10\/lchb-slider-laufenberg-hellgrau-2560-1.jpg&#8220; background_enable_image=&#8220;on&#8220; global_colors_info=&#8220;{}&#8220; sticky_transition=&#8220;on&#8220;][\/et_pb_slide][\/et_pb_slider][\/et_pb_column][\/et_pb_row][\/et_pb_section][et_pb_section fb_built=&#8220;1&#8243; disabled_on=&#8220;off|on|on&#8220; admin_label=&#8220;section&#8220; _builder_version=&#8220;4.27.4&#8243; background_color=&#8220;#000000&#8243; custom_margin=&#8220;0px|0px|0px|0px|true|true&#8220; custom_padding=&#8220;0px|0px|0px|0px|true|true&#8220; global_colors_info=&#8220;{}&#8220;][et_pb_row _builder_version=&#8220;4.27.4&#8243; _module_preset=&#8220;default&#8220; width=&#8220;100%&#8220; max_width=&#8220;2560px&#8220; custom_margin=&#8220;0px|0px|0px|0px|true|true&#8220; custom_padding=&#8220;0px|0px|0px|0px|true|true&#8220; global_colors_info=&#8220;{}&#8220;][et_pb_column type=&#8220;4_4&#8243; _builder_version=&#8220;4.27.4&#8243; _module_preset=&#8220;default&#8220; global_colors_info=&#8220;{}&#8220;][et_pb_slider show_arrows=&#8220;off&#8220; show_pagination=&#8220;off&#8220; use_bg_overlay=&#8220;off&#8220; use_text_overlay=&#8220;off&#8220; _builder_version=&#8220;4.27.4&#8243; _module_preset=&#8220;default&#8220; background_color=&#8220;#000000&#8243; background_image=&#8220;https:\/\/lieffcabraser-europe.com\/wp-content\/uploads\/2025\/08\/lchb-slider-career-empowerment-empathy-mobile-1.jpg&#8220; text_orientation=&#8220;left&#8220; min_height=&#8220;1000px&#8220; min_height_tablet=&#8220;1000px&#8220; min_height_phone=&#8220;330px&#8220; min_height_last_edited=&#8220;on|phone&#8220; custom_margin=&#8220;0px|0px|0px|0px|false|false&#8220; custom_padding=&#8220;||||false|false&#8220; auto=&#8220;on&#8220; auto_speed=&#8220;4000&#8243; hover_transition_duration=&#8220;250ms&#8220; global_colors_info=&#8220;{}&#8220;][et_pb_slide admin_title=&#8220;von Laufenberg&#8220; _builder_version=&#8220;4.27.4&#8243; _module_preset=&#8220;default&#8220; header_level=&#8220;h1&#8243; header_font=&#8220;Arial||||||||&#8220; header_font_size=&#8220;100px&#8220; background_color=&#8220;#000000&#8243; background_enable_color=&#8220;on&#8220; background_image=&#8220;https:\/\/lieffcabraser-europe.com\/wp-content\/uploads\/2025\/10\/lchb-slider-laufenberg-hellgrau-mobile-1.jpg&#8220; background_enable_image=&#8220;on&#8220; global_colors_info=&#8220;{}&#8220; sticky_transition=&#8220;on&#8220;][\/et_pb_slide][\/et_pb_slider][\/et_pb_column][\/et_pb_row][\/et_pb_section][et_pb_section fb_built=&#8220;1&#8243; _builder_version=&#8220;4.27.4&#8243; _module_preset=&#8220;default&#8220; global_colors_info=&#8220;{}&#8220;][et_pb_row _builder_version=&#8220;4.27.4&#8243; _module_preset=&#8220;default&#8220; width_tablet=&#8220;&#8220; width_phone=&#8220;90%&#8220; width_last_edited=&#8220;on|phone&#8220; global_colors_info=&#8220;{}&#8220;][et_pb_column type=&#8220;4_4&#8243; _builder_version=&#8220;4.27.4&#8243; _module_preset=&#8220;default&#8220; global_colors_info=&#8220;{}&#8220;][et_pb_text _builder_version=&#8220;4.27.4&#8243; _module_preset=&#8220;default&#8220; global_colors_info=&#8220;{}&#8220;]<\/p>\n<h1>Dr. Christoph von Laufenberg<\/h1>\n<p>[\/et_pb_text][et_pb_text _builder_version=&#8220;4.27.4&#8243; _module_preset=&#8220;default&#8220; custom_margin=&#8220;||||false|false&#8220; global_colors_info=&#8220;{}&#8220;]<\/p>\n<p>Counsel, M\u00fcnchen<br \/><a href=\"mailto:cvonlaufenberg@lchb.com\">cvonlaufenberg@lchb.com<\/a><br \/><a href=\"tel:+498925552364\">+49.89.2555.2364<\/a><\/p>\n<div style=\"display: flex;\">\n<p><a href=\"https:\/\/lieffcabraser-europe.com\/wp-content\/uploads\/2025\/08\/lchb-vcard-laufenberg-1.vcf\"><br \/><img decoding=\"async\" src=\"https:\/\/lieffcabraser-europe.com\/wp-content\/uploads\/2025\/08\/lchb-icon-vcard-green.png\" alt=\"laufenberg\" width=\"60\" style=\"margin-right: 10px;\"><br \/><\/a><\/p>\n<p>&nbsp;<\/p>\n<p><a href=\"https:\/\/www.linkedin.com\/in\/dr-christoph-p-von-laufenberg-52278b194\/\" target=\"_blank\" rel=\"noopener\"><br \/><img decoding=\"async\" src=\"https:\/\/lieffcabraser-europe.com\/wp-content\/uploads\/2025\/08\/lchb-icon-linkedin-green.png\" alt=\"laufenberg\" width=\"60\"><br \/><\/a><\/p>\n<\/div>\n<p>[\/et_pb_text][\/et_pb_column][\/et_pb_row][et_pb_row _builder_version=&#8220;4.27.4&#8243; _module_preset=&#8220;default&#8220; width_tablet=&#8220;&#8220; width_phone=&#8220;90%&#8220; width_last_edited=&#8220;on|phone&#8220; global_colors_info=&#8220;{}&#8220;][et_pb_column type=&#8220;4_4&#8243; _builder_version=&#8220;4.27.4&#8243; _module_preset=&#8220;default&#8220; global_colors_info=&#8220;{}&#8220;][et_pb_text disabled_on=&#8220;off|off|off&#8220; _builder_version=&#8220;4.27.4&#8243; _module_preset=&#8220;default&#8220; custom_margin=&#8220;||0.3%||false|false&#8220; global_colors_info=&#8220;{}&#8220;]<\/p>\n<p>Dr. Christoph von Laufenberg ist Counsel im M\u00fcnchener B\u00fcro von Lieff Cabraser.<\/p>\n<p>Er ber\u00e4t Mandanten aus verschiedenen Branchen in komplexen wirtschaftsrechtlichen Streitigkeiten \u2013 gerichtlich, au\u00dfergerichtlich und vor internationalen Schiedsgerichten. Seine T\u00e4tigkeit umfasst komplexe wirtschaftsrechtliche Prozessf\u00fchrung, Sammelklagen und Post-M&amp;A Streitigkeiten. Er vertritt regelm\u00e4\u00dfig Mandanten in Schiedsverfahren nach verschiedenen Schiedsordnungen sowie vor Gerichten in ganz Deutschland.  <\/p>\n<p>Dr. von Laufenberg wurde von Best Lawyers und dem Handelsblatt f\u00fcr seine herausragende fachliche Exzellenz als \u201eOnes to Watch\u201c ausgezeichnet (2021-2025). Er verfasst regelm\u00e4\u00dfig Artikel zu kartellrechtlichen, Compliance-, Wirtschaftskriminalit\u00e4ts- und Vollstreckungsfragen, insbesondere mit Bezug zum US-amerikanischen Recht. <\/p>\n<p>Vor seinem Eintritt bei Lieff Cabraser war Dr. von Laufenberg in einer anderen renommierten internationalen Anwaltskanzlei in M\u00fcnchen t\u00e4tig. Er war wissenschaftlicher Mitarbeiter an der Universit\u00e4t Passau (Deutschland) und Gastwissenschaftler an der Universit\u00e4t Oxford (Gro\u00dfbritannien). Er promovierte mit einer Arbeit zum kartellrechtlichen Konzernhaftungsrecht.  <\/p>\n<p>[\/et_pb_text][\/et_pb_column][\/et_pb_row][et_pb_row _builder_version=&#8220;4.27.4&#8243; _module_preset=&#8220;default&#8220;][et_pb_column _builder_version=&#8220;4.27.4&#8243; _module_preset=&#8220;default&#8220; type=&#8220;4_4&#8243;][et_pb_image src=&#8220;https:\/\/lieffcabraser-europe.com\/wp-content\/uploads\/2025\/11\/HB_ONES_TO_WATCH_2025_Dr_Christoph_von_Laufenberg.png&#8220; _builder_version=&#8220;4.27.4&#8243; _module_preset=&#8220;default&#8220; title_text=&#8220;HB_ONES_TO_WATCH_2025_Dr_Christoph_von_Laufenberg&#8220; width=&#8220;175px&#8220; hover_enabled=&#8220;0&#8243; sticky_enabled=&#8220;0&#8243;][\/et_pb_image][\/et_pb_column][\/et_pb_row][\/et_pb_section][et_pb_section fb_built=&#8220;1&#8243; disabled_on=&#8220;off|off|off&#8220; _builder_version=&#8220;4.27.4&#8243; _module_preset=&#8220;default&#8220; background_color=&#8220;gcid-85dcc8de-0302-42c1-9ff1-0c939cae4a53&#8243; locked=&#8220;off&#8220; global_colors_info=&#8220;{%22gcid-85dcc8de-0302-42c1-9ff1-0c939cae4a53%22:%91%22background_color%22%93}&#8220;][et_pb_row _builder_version=&#8220;4.27.4&#8243; _module_preset=&#8220;default&#8220; width_tablet=&#8220;&#8220; width_phone=&#8220;90%&#8220; width_last_edited=&#8220;on|phone&#8220; global_colors_info=&#8220;{}&#8220;][et_pb_column type=&#8220;4_4&#8243; _builder_version=&#8220;4.27.4&#8243; _module_preset=&#8220;default&#8220; global_colors_info=&#8220;{}&#8220;][et_pb_accordion open_toggle_text_color=&#8220;gcid-secondary-color&#8220; open_toggle_background_color=&#8220;RGBA(255,255,255,0)&#8220; closed_toggle_background_color=&#8220;RGBA(255,255,255,0)&#8220; toggle_icon=&#8220;&#xf0fe;||fa||900&#8243; icon_color=&#8220;#000000&#8243; use_icon_font_size=&#8220;on&#8220; icon_font_size=&#8220;30px&#8220; _builder_version=&#8220;4.27.4&#8243; _module_preset=&#8220;default&#8220; toggle_text_color=&#8220;gcid-secondary-color&#8220; background_color=&#8220;RGBA(255,255,255,0)&#8220; module_alignment=&#8220;left&#8220; custom_padding=&#8220;|0px||0px|false|false&#8220; border_width_all=&#8220;0px&#8220; border_width_bottom=&#8220;2px&#8220; global_colors_info=&#8220;{%22gcid-secondary-color%22:%91%22open_toggle_text_color%22,%22toggle_text_color%22%93}&#8220;][et_pb_accordion_item title=&#8220;Sprachen&#8220; open=&#8220;on&#8220; _builder_version=&#8220;4.27.4&#8243; _module_preset=&#8220;default&#8220; custom_padding=&#8220;|8px||0px|false|false&#8220; global_colors_info=&#8220;{}&#8220;]<\/p>\n<p>\u2022 Deutsch<br \/>\u2022 Englisch<br \/>\u2022 Franz\u00f6sisch<br \/>\u2022 Russisch<\/p>\n<p>[\/et_pb_accordion_item][et_pb_accordion_item title=&#8220;T\u00e4tigkeitsgebiete&#8220; _builder_version=&#8220;4.27.4&#8243; _module_preset=&#8220;default&#8220; custom_padding=&#8220;|8px||0px|false|false&#8220; global_colors_info=&#8220;{}&#8220; open=&#8220;off&#8220;]<\/p>\n<p>\u2022 Komplexe wirtschaftsrechtliche Streitigkeiten<br \/>\u2022 Schiedsverfahren <br \/>\u2022 Produkthaftung<br \/>\u2022 Massenverfahren<\/p>\n<p>[\/et_pb_accordion_item][et_pb_accordion_item title=&#8220;Ausbildung&#8220; _builder_version=&#8220;4.27.4&#8243; _module_preset=&#8220;default&#8220; custom_padding=&#8220;|8px||0px|false|false&#8220; global_colors_info=&#8220;{}&#8220; open=&#8220;off&#8220;]<\/p>\n<p><strong>Zweites juristisches Staatsexamen,<\/strong> M\u00fcnchen, 2018<\/p>\n<p><strong>Dissertation<\/strong>, Universit\u00e4t Passau, 2017<\/p>\n<p><strong>Erstes juristisches Staatsexamen<\/strong>, Universit\u00e4t Passau, 2014<\/p>\n<p>[\/et_pb_accordion_item][et_pb_accordion_item title=&#8220;Mitgliedschaften&#8220; _builder_version=&#8220;4.27.4&#8243; _module_preset=&#8220;default&#8220; custom_padding=&#8220;|8px||0px|false|false&#8220; global_colors_info=&#8220;{}&#8220; open=&#8220;off&#8220;]<\/p>\n<p><strong>DIS40<\/strong> Initiative junger Schiedsrechter in Deutschland, Bonn<\/p>\n<p><strong>Competition Litigation Forum<\/strong><\/p>\n<p><strong>Studienvereinigung Kartellrecht<\/strong><\/p>\n<p><strong>M\u00fcnchener Kartellrechtsforum<\/strong><\/p>\n<p>[\/et_pb_accordion_item][et_pb_accordion_item title=&#8220;Publikationen und Beitr\u00e4ge&#8220; _builder_version=&#8220;4.27.4&#8243; _module_preset=&#8220;default&#8220; custom_padding=&#8220;|8px||0px|false|false&#8220; global_colors_info=&#8220;{}&#8220; open=&#8220;off&#8220;]<\/p>\n<p><strong>Autor,<\/strong> \u201cDas neue Whistleblowing-Programm des DOJ\u201c, CCZ 2024, 136<\/p>\n<p><strong>Autor<\/strong>, \u201cDOJ verk\u00fcndet umfassende \u201eSafe Harbor\u201c-Richtlinie f\u00fcr die Meldung von Rechtsverst\u00f6\u00dfen im Zusammenhang mit M&amp;A-Transaktionen\u201c, CCZ, 2023, 347<\/p>\n<p><strong>Autor,<\/strong> \u201cDOJ macht Vorgaben zur Sicherung gesch\u00e4ftlicher elektronischer Kommunikation \u2013 SEC plant weitere Regulierung des Krypto-Markts\u201c, CCZ 2023, 195<\/p>\n<p><strong>Autor<\/strong>, \u201cDOJ schafft Anreize f\u00fcr mehr Selbstanzeigen, macht Vorgaben f\u00fcr die Ausgestaltung von Verg\u00fctungsstrukturen und f\u00f6rdert Gehaltsr\u00fcckforderungen\u201c, CCZ 2023, 110<\/p>\n<p><strong>Autor<\/strong>, \u201cDOJ setzt neue Schwerpunkte bei der Bek\u00e4mpfung von Unternehmenskriminalit\u00e4t \u2013 Pr\u00e4mienaussch\u00fcttung unter dem SEC Whistleblower-Programm erreicht im Jahr 2021 Rekordhoch\u201c, CCZ 2022, 35<\/p>\n<p><strong>Autor,<\/strong> \u201cNeuerungen durch den National Defense Authorization Act: Geldw\u00e4sche, Whistleblowing, Kryptow\u00e4hrungen und die Gewinnabsch\u00f6pfungsbefugnis der SEC\u201c, CCZ 2021, 143<\/p>\n<p><strong>Autor<\/strong>, \u201cLifehacks f\u00fcr Jurastudium und Examen\u201c, C.H. Beck, April 2021<\/p>\n<p><strong>Autor<\/strong>, \u201cEin Jahr nach der Lexfox-Entscheidung des BGH \u2013 Legal Tech am Scheideweg?\u201c Legal Tribune Online, Dezember 2020<\/p>\n<p><strong>Autor<\/strong>, \u201cNeuer Leitfaden zur Bewertung von Compliance Programmen \u2013 DOJ ber\u00fccksichtigt ausl\u00e4ndisches Recht\u201c, CCZ 2020, 296<\/p>\n<p><strong>Autor,<\/strong> \u201cLektionen aus dem Houston Astros-Fall der Major League Baseball f\u00fcr die Unternehmenskultur\u201c, CCZ 2020, 152<\/p>\n<p><strong>Autor,<\/strong> \u201e\u201eLohnt\u201c sich Kartellrechts-Compliance f\u00fcr Unternehmen?\u201c, CCZ 2019, 236<\/p>\n<p><strong>Autor<\/strong>, \u201cKartellrechtliche Konzernhaftung\u201c, Duncker &amp; Humblot, Januar 2018<\/p>\n<p>[\/et_pb_accordion_item][et_pb_accordion_item title=&#8220;Auszeichnungen&#8220; _builder_version=&#8220;4.27.4&#8243; _module_preset=&#8220;default&#8220; custom_padding=&#8220;|8px||0px|false|false&#8220; global_colors_info=&#8220;{}&#8220; open=&#8220;off&#8220;]<\/p>\n<p><strong>Best Lawyers und Handelsblatt<\/strong> \u201eOnes to Watch\u201c f\u00fcr herausragende berufliche Leistungen (2021\u20132025)<\/p>\n<p>[\/et_pb_accordion_item][\/et_pb_accordion][\/et_pb_column][\/et_pb_row][\/et_pb_section]<\/p>\n","protected":false},"excerpt":{"rendered":"<p>Dr. Christoph von LaufenbergCounsel, M\u00fcnchencvonlaufenberg@lchb.com+49.89.2555.2364 &nbsp; Dr. Christoph von Laufenberg ist Counsel im M\u00fcnchener B\u00fcro von Lieff Cabraser. Er ber\u00e4t Mandanten aus verschiedenen Branchen in komplexen wirtschaftsrechtlichen Streitigkeiten \u2013 gerichtlich, au\u00dfergerichtlich und vor internationalen Schiedsgerichten. Seine T\u00e4tigkeit umfasst komplexe wirtschaftsrechtliche Prozessf\u00fchrung, Sammelklagen und Post-M&amp;A Streitigkeiten. Er vertritt regelm\u00e4\u00dfig Mandanten in Schiedsverfahren nach verschiedenen Schiedsordnungen sowie [&hellip;]<\/p>\n","protected":false},"author":1,"featured_media":0,"parent":0,"menu_order":0,"comment_status":"closed","ping_status":"closed","template":"","meta":{"_et_pb_use_builder":"on","_et_pb_old_content":"","_et_gb_content_width":"","footnotes":""},"class_list":["post-1342","page","type-page","status-publish","hentry"],"yoast_head":"<!-- This site is optimized with the Yoast SEO plugin v26.7 - https:\/\/yoast.com\/wordpress\/plugins\/seo\/ -->\n<title>Dr. Christoph von Laufenberg \u2013 Rechtsanwalt \u2013 M\u00fcnchen<\/title>\n<meta name=\"description\" content=\"Dr. Christoph von Laufenberg \u2013 Rechtsanwalt \u2013 M\u00fcnchen. Er ber\u00e4t Mandanten aus verschiedenen Branchen in komplexen wirtschaftsrechtlichen Streitigkeiten.\" \/>\n<meta name=\"robots\" content=\"index, follow, max-snippet:-1, max-image-preview:large, max-video-preview:-1\" \/>\n<link rel=\"canonical\" href=\"https:\/\/lieffcabraser-europe.com\/de\/dr-christoph-von-laufenberg\/\" \/>\n<meta property=\"og:locale\" content=\"de_DE\" \/>\n<meta property=\"og:type\" content=\"article\" \/>\n<meta property=\"og:title\" content=\"Dr. Christoph von Laufenberg \u2013 Rechtsanwalt \u2013 M\u00fcnchen\" \/>\n<meta property=\"og:description\" content=\"Dr. Christoph von Laufenberg \u2013 Rechtsanwalt \u2013 M\u00fcnchen. Er ber\u00e4t Mandanten aus verschiedenen Branchen in komplexen wirtschaftsrechtlichen Streitigkeiten.\" \/>\n<meta property=\"og:url\" content=\"https:\/\/lieffcabraser-europe.com\/de\/dr-christoph-von-laufenberg\/\" \/>\n<meta property=\"og:site_name\" content=\"Lieff cabraser europe\" \/>\n<meta property=\"article:modified_time\" content=\"2026-04-07T08:02:35+00:00\" \/>\n<meta property=\"og:image\" content=\"https:\/\/lieffcabraser-europe.com\/wp-content\/uploads\/2025\/08\/lchb-icon-vcard-green.png\" \/>\n<meta name=\"twitter:card\" content=\"summary_large_image\" \/>\n<meta name=\"twitter:label1\" content=\"Gesch\u00e4tzte Lesezeit\" \/>\n\t<meta name=\"twitter:data1\" content=\"7\u00a0Minuten\" \/>\n<script type=\"application\/ld+json\" class=\"yoast-schema-graph\">{\"@context\":\"https:\/\/schema.org\",\"@graph\":[{\"@type\":\"WebPage\",\"@id\":\"https:\/\/lieffcabraser-europe.com\/de\/dr-christoph-von-laufenberg\/\",\"url\":\"https:\/\/lieffcabraser-europe.com\/de\/dr-christoph-von-laufenberg\/\",\"name\":\"Dr. Christoph von Laufenberg \u2013 Rechtsanwalt \u2013 M\u00fcnchen\",\"isPartOf\":{\"@id\":\"https:\/\/lieffcabraser-europe.com\/#website\"},\"primaryImageOfPage\":{\"@id\":\"https:\/\/lieffcabraser-europe.com\/de\/dr-christoph-von-laufenberg\/#primaryimage\"},\"image\":{\"@id\":\"https:\/\/lieffcabraser-europe.com\/de\/dr-christoph-von-laufenberg\/#primaryimage\"},\"thumbnailUrl\":\"https:\/\/lieffcabraser-europe.com\/wp-content\/uploads\/2025\/08\/lchb-icon-vcard-green.png\",\"datePublished\":\"2025-08-13T09:50:23+00:00\",\"dateModified\":\"2026-04-07T08:02:35+00:00\",\"description\":\"Dr. Christoph von Laufenberg \u2013 Rechtsanwalt \u2013 M\u00fcnchen. Er ber\u00e4t Mandanten aus verschiedenen Branchen in komplexen wirtschaftsrechtlichen Streitigkeiten.\",\"breadcrumb\":{\"@id\":\"https:\/\/lieffcabraser-europe.com\/de\/dr-christoph-von-laufenberg\/#breadcrumb\"},\"inLanguage\":\"de\",\"potentialAction\":[{\"@type\":\"ReadAction\",\"target\":[\"https:\/\/lieffcabraser-europe.com\/de\/dr-christoph-von-laufenberg\/\"]}]},{\"@type\":\"ImageObject\",\"inLanguage\":\"de\",\"@id\":\"https:\/\/lieffcabraser-europe.com\/de\/dr-christoph-von-laufenberg\/#primaryimage\",\"url\":\"https:\/\/lieffcabraser-europe.com\/wp-content\/uploads\/2025\/08\/lchb-icon-vcard-green.png\",\"contentUrl\":\"https:\/\/lieffcabraser-europe.com\/wp-content\/uploads\/2025\/08\/lchb-icon-vcard-green.png\"},{\"@type\":\"BreadcrumbList\",\"@id\":\"https:\/\/lieffcabraser-europe.com\/de\/dr-christoph-von-laufenberg\/#breadcrumb\",\"itemListElement\":[{\"@type\":\"ListItem\",\"position\":1,\"name\":\"Home\",\"item\":\"https:\/\/lieffcabraser-europe.com\/de\/kanzlei\/\"},{\"@type\":\"ListItem\",\"position\":2,\"name\":\"Dr. Christoph von Laufenberg\"}]},{\"@type\":\"WebSite\",\"@id\":\"https:\/\/lieffcabraser-europe.com\/#website\",\"url\":\"https:\/\/lieffcabraser-europe.com\/\",\"name\":\"Lieff Cabraser Europe\",\"description\":\"\",\"publisher\":{\"@id\":\"https:\/\/lieffcabraser-europe.com\/#organization\"},\"potentialAction\":[{\"@type\":\"SearchAction\",\"target\":{\"@type\":\"EntryPoint\",\"urlTemplate\":\"https:\/\/lieffcabraser-europe.com\/?s={search_term_string}\"},\"query-input\":{\"@type\":\"PropertyValueSpecification\",\"valueRequired\":true,\"valueName\":\"search_term_string\"}}],\"inLanguage\":\"de\"},{\"@type\":\"Organization\",\"@id\":\"https:\/\/lieffcabraser-europe.com\/#organization\",\"name\":\"Lieff Cabraser Heimann & Bernstein, LLP\",\"url\":\"https:\/\/lieffcabraser-europe.com\/\",\"logo\":{\"@type\":\"ImageObject\",\"inLanguage\":\"de\",\"@id\":\"https:\/\/lieffcabraser-europe.com\/#\/schema\/logo\/image\/\",\"url\":\"https:\/\/lieffcabraser-europe.com\/wp-content\/uploads\/2025\/08\/lchb-logo-200-2.jpg\",\"contentUrl\":\"https:\/\/lieffcabraser-europe.com\/wp-content\/uploads\/2025\/08\/lchb-logo-200-2.jpg\",\"width\":196,\"height\":200,\"caption\":\"Lieff Cabraser Heimann & Bernstein, LLP\"},\"image\":{\"@id\":\"https:\/\/lieffcabraser-europe.com\/#\/schema\/logo\/image\/\"}}]}<\/script>\n<!-- \/ Yoast SEO plugin. -->","yoast_head_json":{"title":"Dr. Christoph von Laufenberg \u2013 Rechtsanwalt \u2013 M\u00fcnchen","description":"Dr. Christoph von Laufenberg \u2013 Rechtsanwalt \u2013 M\u00fcnchen. Er ber\u00e4t Mandanten aus verschiedenen Branchen in komplexen wirtschaftsrechtlichen Streitigkeiten.","robots":{"index":"index","follow":"follow","max-snippet":"max-snippet:-1","max-image-preview":"max-image-preview:large","max-video-preview":"max-video-preview:-1"},"canonical":"https:\/\/lieffcabraser-europe.com\/de\/dr-christoph-von-laufenberg\/","og_locale":"de_DE","og_type":"article","og_title":"Dr. Christoph von Laufenberg \u2013 Rechtsanwalt \u2013 M\u00fcnchen","og_description":"Dr. Christoph von Laufenberg \u2013 Rechtsanwalt \u2013 M\u00fcnchen. Er ber\u00e4t Mandanten aus verschiedenen Branchen in komplexen wirtschaftsrechtlichen Streitigkeiten.","og_url":"https:\/\/lieffcabraser-europe.com\/de\/dr-christoph-von-laufenberg\/","og_site_name":"Lieff cabraser europe","article_modified_time":"2026-04-07T08:02:35+00:00","og_image":[{"url":"https:\/\/lieffcabraser-europe.com\/wp-content\/uploads\/2025\/08\/lchb-icon-vcard-green.png","type":"","width":"","height":""}],"twitter_card":"summary_large_image","twitter_misc":{"Gesch\u00e4tzte Lesezeit":"7\u00a0Minuten"},"schema":{"@context":"https:\/\/schema.org","@graph":[{"@type":"WebPage","@id":"https:\/\/lieffcabraser-europe.com\/de\/dr-christoph-von-laufenberg\/","url":"https:\/\/lieffcabraser-europe.com\/de\/dr-christoph-von-laufenberg\/","name":"Dr. Christoph von Laufenberg \u2013 Rechtsanwalt \u2013 M\u00fcnchen","isPartOf":{"@id":"https:\/\/lieffcabraser-europe.com\/#website"},"primaryImageOfPage":{"@id":"https:\/\/lieffcabraser-europe.com\/de\/dr-christoph-von-laufenberg\/#primaryimage"},"image":{"@id":"https:\/\/lieffcabraser-europe.com\/de\/dr-christoph-von-laufenberg\/#primaryimage"},"thumbnailUrl":"https:\/\/lieffcabraser-europe.com\/wp-content\/uploads\/2025\/08\/lchb-icon-vcard-green.png","datePublished":"2025-08-13T09:50:23+00:00","dateModified":"2026-04-07T08:02:35+00:00","description":"Dr. Christoph von Laufenberg \u2013 Rechtsanwalt \u2013 M\u00fcnchen. Er ber\u00e4t Mandanten aus verschiedenen Branchen in komplexen wirtschaftsrechtlichen Streitigkeiten.","breadcrumb":{"@id":"https:\/\/lieffcabraser-europe.com\/de\/dr-christoph-von-laufenberg\/#breadcrumb"},"inLanguage":"de","potentialAction":[{"@type":"ReadAction","target":["https:\/\/lieffcabraser-europe.com\/de\/dr-christoph-von-laufenberg\/"]}]},{"@type":"ImageObject","inLanguage":"de","@id":"https:\/\/lieffcabraser-europe.com\/de\/dr-christoph-von-laufenberg\/#primaryimage","url":"https:\/\/lieffcabraser-europe.com\/wp-content\/uploads\/2025\/08\/lchb-icon-vcard-green.png","contentUrl":"https:\/\/lieffcabraser-europe.com\/wp-content\/uploads\/2025\/08\/lchb-icon-vcard-green.png"},{"@type":"BreadcrumbList","@id":"https:\/\/lieffcabraser-europe.com\/de\/dr-christoph-von-laufenberg\/#breadcrumb","itemListElement":[{"@type":"ListItem","position":1,"name":"Home","item":"https:\/\/lieffcabraser-europe.com\/de\/kanzlei\/"},{"@type":"ListItem","position":2,"name":"Dr. Christoph von Laufenberg"}]},{"@type":"WebSite","@id":"https:\/\/lieffcabraser-europe.com\/#website","url":"https:\/\/lieffcabraser-europe.com\/","name":"Lieff Cabraser Europe","description":"","publisher":{"@id":"https:\/\/lieffcabraser-europe.com\/#organization"},"potentialAction":[{"@type":"SearchAction","target":{"@type":"EntryPoint","urlTemplate":"https:\/\/lieffcabraser-europe.com\/?s={search_term_string}"},"query-input":{"@type":"PropertyValueSpecification","valueRequired":true,"valueName":"search_term_string"}}],"inLanguage":"de"},{"@type":"Organization","@id":"https:\/\/lieffcabraser-europe.com\/#organization","name":"Lieff Cabraser Heimann & Bernstein, LLP","url":"https:\/\/lieffcabraser-europe.com\/","logo":{"@type":"ImageObject","inLanguage":"de","@id":"https:\/\/lieffcabraser-europe.com\/#\/schema\/logo\/image\/","url":"https:\/\/lieffcabraser-europe.com\/wp-content\/uploads\/2025\/08\/lchb-logo-200-2.jpg","contentUrl":"https:\/\/lieffcabraser-europe.com\/wp-content\/uploads\/2025\/08\/lchb-logo-200-2.jpg","width":196,"height":200,"caption":"Lieff Cabraser Heimann & Bernstein, LLP"},"image":{"@id":"https:\/\/lieffcabraser-europe.com\/#\/schema\/logo\/image\/"}}]}},"_links":{"self":[{"href":"https:\/\/lieffcabraser-europe.com\/de\/wp-json\/wp\/v2\/pages\/1342","targetHints":{"allow":["GET"]}}],"collection":[{"href":"https:\/\/lieffcabraser-europe.com\/de\/wp-json\/wp\/v2\/pages"}],"about":[{"href":"https:\/\/lieffcabraser-europe.com\/de\/wp-json\/wp\/v2\/types\/page"}],"author":[{"embeddable":true,"href":"https:\/\/lieffcabraser-europe.com\/de\/wp-json\/wp\/v2\/users\/1"}],"replies":[{"embeddable":true,"href":"https:\/\/lieffcabraser-europe.com\/de\/wp-json\/wp\/v2\/comments?post=1342"}],"version-history":[{"count":19,"href":"https:\/\/lieffcabraser-europe.com\/de\/wp-json\/wp\/v2\/pages\/1342\/revisions"}],"predecessor-version":[{"id":1922,"href":"https:\/\/lieffcabraser-europe.com\/de\/wp-json\/wp\/v2\/pages\/1342\/revisions\/1922"}],"wp:attachment":[{"href":"https:\/\/lieffcabraser-europe.com\/de\/wp-json\/wp\/v2\/media?parent=1342"}],"curies":[{"name":"wp","href":"https:\/\/api.w.org\/{rel}","templated":true}]}}